{"id":2115,"date":"2022-02-04T11:53:55","date_gmt":"2022-02-04T10:53:55","guid":{"rendered":"https:\/\/villaeva.pl\/?post_type=product&#038;p=2115"},"modified":"2023-10-21T10:50:00","modified_gmt":"2023-10-21T08:50:00","slug":"walentynkowy-nocleg","status":"publish","type":"product","link":"https:\/\/villaeva.pl\/en\/produkt\/walentynkowy-nocleg\/","title":{"rendered":"Walentynkowy nocleg"},"content":{"rendered":"<p><strong>Chcesz zabra\u0107 swoj\u0105 dug\u0105 po\u0142\u00f3wk\u0119 w wyj\u0105tkowe, kameralne miejsce, kt\u00f3re sprawi, \u017ce poczujecie si\u0119 zrelaksowani? Mamy dla Was idealn\u0105 propozycj\u0119! Zadbamy o Was komfort i relaks.<\/strong><\/p>\n<p>Specjalnie dla Was przygotowali\u015bmy wyj\u0105tkow\u0105 ofert\u0119 na nocleg w terminach 12-14.02.2024r.!<\/p>\n<p>Oferta zawiera:<\/p>\n<ul>\n<li>Nocleg w pokoju 2 &#8211; osobowym Deluxe (w cenie pokoju Premium!), powierzchnia pokoju &#8211; 20m2 z widokiem na ogr\u00f3d i Tr\u00f3jmiejski Park Krajobrazowy, \u0142\u00f3\u017cko king size, wygodna \u0142azienka, TV<\/li>\n<li>Prosecco w pokoju &#8211; na dobry pocz\u0105tek!<\/li>\n<li>\u015aniadanie dla dw\u00f3ch os\u00f3b<\/li>\n<li>Bezp\u0142atny parking samochodowy<\/li>\n<li>Mo\u017cliwo\u015b\u0107 rezerwacji kolacji 3-daniowej w restauracji w cenie 119 z\u0142 \/ osob\u0119 &#8211; szczeg\u00f3\u0142y w zak\u0142adce Walentynki<\/li>\n<\/ul>\n<p>Zapraszamy do rezerwacji!<\/p>\n<p>58 341 67 85<br \/>\ninfo@villaeva.pl<\/p>\n","protected":false},"excerpt":{"rendered":"<p>Noc w butikowym hotelu, Prosecco w apartamencie, relaks i komfort dla dwojga.<\/p>\n","protected":false},"featured_media":657,"template":"","meta":{"_acf_changed":false},"product_cat":[15],"product_tag":[],"acf":[],"yoast_head":"<!-- This site is optimized with the Yoast SEO plugin v22.6 - https:\/\/yoast.com\/wordpress\/plugins\/seo\/ -->\n<title>Walentynkowy nocleg - Villa Eva<\/title>\n<meta name=\"description\" content=\"Szukasz kameralnego miejsca na noc w weekend walentynkowy? Komfortowy pok\u00f3j Deluxe w butikowym hotelu w Gda\u0144sku czeka na Was!\" \/>\n<meta name=\"robots\" content=\"index, follow, max-snippet:-1, max-image-preview:large, max-video-preview:-1\" \/>\n<link rel=\"canonical\" href=\"https:\/\/villaeva.pl\/produkt\/walentynkowy-nocleg\/\" \/>\n<meta property=\"og:locale\" content=\"en_US\" \/>\n<meta property=\"og:type\" content=\"article\" \/>\n<meta property=\"og:title\" content=\"Walentynkowy nocleg - Villa Eva\" \/>\n<meta property=\"og:description\" content=\"Szukasz kameralnego miejsca na noc w weekend walentynkowy? Komfortowy pok\u00f3j Deluxe w butikowym hotelu w Gda\u0144sku czeka na Was!\" \/>\n<meta property=\"og:url\" content=\"https:\/\/villaeva.pl\/produkt\/walentynkowy-nocleg\/\" \/>\n<meta property=\"og:site_name\" content=\"Villa Eva\" \/>\n<meta property=\"article:modified_time\" content=\"2023-10-21T08:50:00+00:00\" \/>\n<meta property=\"og:image\" content=\"https:\/\/villaeva.pl\/wp-content\/uploads\/2021\/02\/Hotel-7.jpg\" \/>\n\t<meta property=\"og:image:width\" content=\"1920\" \/>\n\t<meta property=\"og:image:height\" content=\"1278\" \/>\n\t<meta property=\"og:image:type\" content=\"image\/jpeg\" \/>\n<meta name=\"twitter:card\" content=\"summary_large_image\" \/>\n<meta name=\"twitter:label1\" content=\"Est. reading time\" \/>\n\t<meta name=\"twitter:data1\" content=\"1 minute\" \/>\n<script type=\"application\/ld+json\" class=\"yoast-schema-graph\">{\"@context\":\"https:\/\/schema.org\",\"@graph\":[{\"@type\":\"WebPage\",\"@id\":\"https:\/\/villaeva.pl\/produkt\/walentynkowy-nocleg\/\",\"url\":\"https:\/\/villaeva.pl\/produkt\/walentynkowy-nocleg\/\",\"name\":\"Walentynkowy nocleg - Villa Eva\",\"isPartOf\":{\"@id\":\"https:\/\/villaeva.pl\/#website\"},\"primaryImageOfPage\":{\"@id\":\"https:\/\/villaeva.pl\/produkt\/walentynkowy-nocleg\/#primaryimage\"},\"image\":{\"@id\":\"https:\/\/villaeva.pl\/produkt\/walentynkowy-nocleg\/#primaryimage\"},\"thumbnailUrl\":\"https:\/\/villaeva.pl\/wp-content\/uploads\/2021\/02\/Hotel-7.jpg\",\"datePublished\":\"2022-02-04T10:53:55+00:00\",\"dateModified\":\"2023-10-21T08:50:00+00:00\",\"description\":\"Szukasz kameralnego miejsca na noc w weekend walentynkowy? Komfortowy pok\u00f3j Deluxe w butikowym hotelu w Gda\u0144sku czeka na Was!\",\"breadcrumb\":{\"@id\":\"https:\/\/villaeva.pl\/produkt\/walentynkowy-nocleg\/#breadcrumb\"},\"inLanguage\":\"en-US\",\"potentialAction\":[{\"@type\":\"ReadAction\",\"target\":[\"https:\/\/villaeva.pl\/produkt\/walentynkowy-nocleg\/\"]}]},{\"@type\":\"ImageObject\",\"inLanguage\":\"en-US\",\"@id\":\"https:\/\/villaeva.pl\/produkt\/walentynkowy-nocleg\/#primaryimage\",\"url\":\"https:\/\/villaeva.pl\/wp-content\/uploads\/2021\/02\/Hotel-7.jpg\",\"contentUrl\":\"https:\/\/villaeva.pl\/wp-content\/uploads\/2021\/02\/Hotel-7.jpg\",\"width\":1920,\"height\":1278},{\"@type\":\"BreadcrumbList\",\"@id\":\"https:\/\/villaeva.pl\/produkt\/walentynkowy-nocleg\/#breadcrumb\",\"itemListElement\":[{\"@type\":\"ListItem\",\"position\":1,\"name\":\"Strona g\u0142\u00f3wna\",\"item\":\"https:\/\/villaeva.pl\/en\/\"},{\"@type\":\"ListItem\",\"position\":2,\"name\":\"Shop\",\"item\":\"https:\/\/villaeva.pl\/en\/shop\/\"},{\"@type\":\"ListItem\",\"position\":3,\"name\":\"Walentynkowy nocleg\"}]},{\"@type\":\"WebSite\",\"@id\":\"https:\/\/villaeva.pl\/#website\",\"url\":\"https:\/\/villaeva.pl\/\",\"name\":\"Villa Eva\",\"description\":\"Villa i Restauracja\",\"potentialAction\":[{\"@type\":\"SearchAction\",\"target\":{\"@type\":\"EntryPoint\",\"urlTemplate\":\"https:\/\/villaeva.pl\/?s={search_term_string}\"},\"query-input\":\"required name=search_term_string\"}],\"inLanguage\":\"en-US\"}]}<\/script>\n<!-- \/ Yoast SEO plugin. -->","yoast_head_json":{"title":"Walentynkowy nocleg - Villa Eva","description":"Szukasz kameralnego miejsca na noc w weekend walentynkowy? Komfortowy pok\u00f3j Deluxe w butikowym hotelu w Gda\u0144sku czeka na Was!","robots":{"index":"index","follow":"follow","max-snippet":"max-snippet:-1","max-image-preview":"max-image-preview:large","max-video-preview":"max-video-preview:-1"},"canonical":"https:\/\/villaeva.pl\/produkt\/walentynkowy-nocleg\/","og_locale":"en_US","og_type":"article","og_title":"Walentynkowy nocleg - Villa Eva","og_description":"Szukasz kameralnego miejsca na noc w weekend walentynkowy? Komfortowy pok\u00f3j Deluxe w butikowym hotelu w Gda\u0144sku czeka na Was!","og_url":"https:\/\/villaeva.pl\/produkt\/walentynkowy-nocleg\/","og_site_name":"Villa Eva","article_modified_time":"2023-10-21T08:50:00+00:00","og_image":[{"width":1920,"height":1278,"url":"https:\/\/villaeva.pl\/wp-content\/uploads\/2021\/02\/Hotel-7.jpg","type":"image\/jpeg"}],"twitter_card":"summary_large_image","twitter_misc":{"Est. reading time":"1 minute"},"schema":{"@context":"https:\/\/schema.org","@graph":[{"@type":"WebPage","@id":"https:\/\/villaeva.pl\/produkt\/walentynkowy-nocleg\/","url":"https:\/\/villaeva.pl\/produkt\/walentynkowy-nocleg\/","name":"Walentynkowy nocleg - Villa Eva","isPartOf":{"@id":"https:\/\/villaeva.pl\/#website"},"primaryImageOfPage":{"@id":"https:\/\/villaeva.pl\/produkt\/walentynkowy-nocleg\/#primaryimage"},"image":{"@id":"https:\/\/villaeva.pl\/produkt\/walentynkowy-nocleg\/#primaryimage"},"thumbnailUrl":"https:\/\/villaeva.pl\/wp-content\/uploads\/2021\/02\/Hotel-7.jpg","datePublished":"2022-02-04T10:53:55+00:00","dateModified":"2023-10-21T08:50:00+00:00","description":"Szukasz kameralnego miejsca na noc w weekend walentynkowy? Komfortowy pok\u00f3j Deluxe w butikowym hotelu w Gda\u0144sku czeka na Was!","breadcrumb":{"@id":"https:\/\/villaeva.pl\/produkt\/walentynkowy-nocleg\/#breadcrumb"},"inLanguage":"en-US","potentialAction":[{"@type":"ReadAction","target":["https:\/\/villaeva.pl\/produkt\/walentynkowy-nocleg\/"]}]},{"@type":"ImageObject","inLanguage":"en-US","@id":"https:\/\/villaeva.pl\/produkt\/walentynkowy-nocleg\/#primaryimage","url":"https:\/\/villaeva.pl\/wp-content\/uploads\/2021\/02\/Hotel-7.jpg","contentUrl":"https:\/\/villaeva.pl\/wp-content\/uploads\/2021\/02\/Hotel-7.jpg","width":1920,"height":1278},{"@type":"BreadcrumbList","@id":"https:\/\/villaeva.pl\/produkt\/walentynkowy-nocleg\/#breadcrumb","itemListElement":[{"@type":"ListItem","position":1,"name":"Strona g\u0142\u00f3wna","item":"https:\/\/villaeva.pl\/en\/"},{"@type":"ListItem","position":2,"name":"Shop","item":"https:\/\/villaeva.pl\/en\/shop\/"},{"@type":"ListItem","position":3,"name":"Walentynkowy nocleg"}]},{"@type":"WebSite","@id":"https:\/\/villaeva.pl\/#website","url":"https:\/\/villaeva.pl\/","name":"Villa Eva","description":"Villa i Restauracja","potentialAction":[{"@type":"SearchAction","target":{"@type":"EntryPoint","urlTemplate":"https:\/\/villaeva.pl\/?s={search_term_string}"},"query-input":"required name=search_term_string"}],"inLanguage":"en-US"}]}},"_links":{"self":[{"href":"https:\/\/villaeva.pl\/en\/wp-json\/wp\/v2\/product\/2115"}],"collection":[{"href":"https:\/\/villaeva.pl\/en\/wp-json\/wp\/v2\/product"}],"about":[{"href":"https:\/\/villaeva.pl\/en\/wp-json\/wp\/v2\/types\/product"}],"wp:featuredmedia":[{"embeddable":true,"href":"https:\/\/villaeva.pl\/en\/wp-json\/wp\/v2\/media\/657"}],"wp:attachment":[{"href":"https:\/\/villaeva.pl\/en\/wp-json\/wp\/v2\/media?parent=2115"}],"wp:term":[{"taxonomy":"product_cat","embeddable":true,"href":"https:\/\/villaeva.pl\/en\/wp-json\/wp\/v2\/product_cat?post=2115"},{"taxonomy":"product_tag","embeddable":true,"href":"https:\/\/villaeva.pl\/en\/wp-json\/wp\/v2\/product_tag?post=2115"}],"curies":[{"name":"wp","href":"https:\/\/api.w.org\/{rel}","templated":true}]}}