{"id":1544,"date":"2021-03-02T17:24:04","date_gmt":"2021-03-02T16:24:04","guid":{"rendered":"https:\/\/villaeva.pl\/produkt\/literary-dinner\/"},"modified":"2021-07-19T14:01:15","modified_gmt":"2021-07-19T12:01:15","slug":"literary-dinner","status":"publish","type":"product","link":"https:\/\/villaeva.pl\/en\/produkt\/literary-dinner\/","title":{"rendered":"Literary dinner"},"content":{"rendered":"<p>Looking for a culinary adventure? Would you like to travel back in time  to Gdansk between the wars and sample dishes that were eaten by the wealthy bourgeoisie of the day?<\/p>\n<p>Try the 5-course menu inspired by the works of the famous Nobel Prize winner and honorary citizen of Gdansk &#8211; G\u00fcnter Grass.<\/p>\n<p><strong>PRZYSTAWKA<\/strong><\/p>\n<p><strong>Kromka chleba ze smalcem, prze\u0142o\u017cona grub\u0105 na palec kaszank\u0105 <\/strong>(G. Grass, Blaszany B\u0119benek)<\/p>\n<p><strong>SOUP<\/strong><\/p>\n<p><strong>Ros\u00f3\u0142 na wo\u0142owym ogonie\u00a0<\/strong><br \/>\npierogi faszerowane szpinakiem (G. Grass, Turbot)<\/p>\n<p><strong>MAIN COURSE<\/strong><\/p>\n<p><strong>Cod with crayfish<\/strong><br \/>\nGreen cucumber \/ white wine \/ potato pur\u00e9e \/ vegetables (G. Grass, Turbot) <\/p>\n<p><strong>Zrazy kr\u00f3lewskie z \u0142ani\u00a0<\/strong><\/p>\n<p>kluski \u015bl\u0105skie \/ buraki z malinami \/ og\u00f3rek kiszony (G. Grass, Blaszany B\u0119benek)<\/p>\n<p><strong>DESERT<\/strong><\/p>\n<p><strong>Budy\u0144 czekoladowy<\/strong><\/p>\n<p>t\u0142uczone migda\u0142y \/ sos waniliowy (G. Grass, Turbot)<\/p>\n<p>A glass of house wine is included in the meal price.<\/p>\n","protected":false},"excerpt":{"rendered":"<p>The Gdansk themed dinner, inspired by the  literary works of G\u00fcnter Grass consists of 5 courses.<\/p>\n","protected":false},"featured_media":2626,"template":"","meta":{"_acf_changed":false},"product_cat":[35],"product_tag":[],"acf":[],"yoast_head":"<!-- This site is optimized with the Yoast SEO plugin v22.6 - https:\/\/yoast.com\/wordpress\/plugins\/seo\/ -->\n<title>Literary dinner - Villa Eva<\/title>\n<meta name=\"description\" content=\"The authentic Gdansk cuisine inspired by a famous nobel winning writer - Gunter Grass. The literary dining experience in Villa Eva.\" \/>\n<meta name=\"robots\" content=\"index, follow, max-snippet:-1, max-image-preview:large, max-video-preview:-1\" \/>\n<link rel=\"canonical\" href=\"https:\/\/villaeva.pl\/en\/produkt\/literary-dinner\/\" \/>\n<meta property=\"og:locale\" content=\"en_US\" \/>\n<meta property=\"og:type\" content=\"article\" \/>\n<meta property=\"og:title\" content=\"Literary dinner - Villa Eva\" \/>\n<meta property=\"og:description\" content=\"The authentic Gdansk cuisine inspired by a famous nobel winning writer - Gunter Grass. The literary dining experience in Villa Eva.\" \/>\n<meta property=\"og:url\" content=\"https:\/\/villaeva.pl\/en\/produkt\/literary-dinner\/\" \/>\n<meta property=\"og:site_name\" content=\"Villa Eva\" \/>\n<meta property=\"article:modified_time\" content=\"2021-07-19T12:01:15+00:00\" \/>\n<meta property=\"og:image\" content=\"https:\/\/villaeva.pl\/wp-content\/uploads\/2021\/02\/Restauracja-i-winiarnia-5.jpg\" \/>\n\t<meta property=\"og:image:width\" content=\"1920\" \/>\n\t<meta property=\"og:image:height\" content=\"1278\" \/>\n\t<meta property=\"og:image:type\" content=\"image\/jpeg\" \/>\n<meta name=\"twitter:card\" content=\"summary_large_image\" \/>\n<meta name=\"twitter:label1\" content=\"Est. reading time\" \/>\n\t<meta name=\"twitter:data1\" content=\"1 minute\" \/>\n<script type=\"application\/ld+json\" class=\"yoast-schema-graph\">{\"@context\":\"https:\/\/schema.org\",\"@graph\":[{\"@type\":\"WebPage\",\"@id\":\"https:\/\/villaeva.pl\/en\/produkt\/literary-dinner\/\",\"url\":\"https:\/\/villaeva.pl\/en\/produkt\/literary-dinner\/\",\"name\":\"Literary dinner - Villa Eva\",\"isPartOf\":{\"@id\":\"https:\/\/villaeva.pl\/#website\"},\"primaryImageOfPage\":{\"@id\":\"https:\/\/villaeva.pl\/en\/produkt\/literary-dinner\/#primaryimage\"},\"image\":{\"@id\":\"https:\/\/villaeva.pl\/en\/produkt\/literary-dinner\/#primaryimage\"},\"thumbnailUrl\":\"https:\/\/villaeva.pl\/wp-content\/uploads\/2021\/03\/3T7A6294-scaled.jpg\",\"datePublished\":\"2021-03-02T16:24:04+00:00\",\"dateModified\":\"2021-07-19T12:01:15+00:00\",\"description\":\"The authentic Gdansk cuisine inspired by a famous nobel winning writer - Gunter Grass. The literary dining experience in Villa Eva.\",\"breadcrumb\":{\"@id\":\"https:\/\/villaeva.pl\/en\/produkt\/literary-dinner\/#breadcrumb\"},\"inLanguage\":\"en-US\",\"potentialAction\":[{\"@type\":\"ReadAction\",\"target\":[\"https:\/\/villaeva.pl\/en\/produkt\/literary-dinner\/\"]}]},{\"@type\":\"ImageObject\",\"inLanguage\":\"en-US\",\"@id\":\"https:\/\/villaeva.pl\/en\/produkt\/literary-dinner\/#primaryimage\",\"url\":\"https:\/\/villaeva.pl\/wp-content\/uploads\/2021\/03\/3T7A6294-scaled.jpg\",\"contentUrl\":\"https:\/\/villaeva.pl\/wp-content\/uploads\/2021\/03\/3T7A6294-scaled.jpg\",\"width\":1707,\"height\":2560},{\"@type\":\"BreadcrumbList\",\"@id\":\"https:\/\/villaeva.pl\/en\/produkt\/literary-dinner\/#breadcrumb\",\"itemListElement\":[{\"@type\":\"ListItem\",\"position\":1,\"name\":\"Strona g\u0142\u00f3wna\",\"item\":\"https:\/\/villaeva.pl\/en\/\"},{\"@type\":\"ListItem\",\"position\":2,\"name\":\"Shop\",\"item\":\"https:\/\/villaeva.pl\/en\/shop\/\"},{\"@type\":\"ListItem\",\"position\":3,\"name\":\"Literary dinner\"}]},{\"@type\":\"WebSite\",\"@id\":\"https:\/\/villaeva.pl\/#website\",\"url\":\"https:\/\/villaeva.pl\/\",\"name\":\"Villa Eva\",\"description\":\"Villa i Restauracja\",\"potentialAction\":[{\"@type\":\"SearchAction\",\"target\":{\"@type\":\"EntryPoint\",\"urlTemplate\":\"https:\/\/villaeva.pl\/?s={search_term_string}\"},\"query-input\":\"required name=search_term_string\"}],\"inLanguage\":\"en-US\"}]}<\/script>\n<!-- \/ Yoast SEO plugin. -->","yoast_head_json":{"title":"Literary dinner - Villa Eva","description":"The authentic Gdansk cuisine inspired by a famous nobel winning writer - Gunter Grass. The literary dining experience in Villa Eva.","robots":{"index":"index","follow":"follow","max-snippet":"max-snippet:-1","max-image-preview":"max-image-preview:large","max-video-preview":"max-video-preview:-1"},"canonical":"https:\/\/villaeva.pl\/en\/produkt\/literary-dinner\/","og_locale":"en_US","og_type":"article","og_title":"Literary dinner - Villa Eva","og_description":"The authentic Gdansk cuisine inspired by a famous nobel winning writer - Gunter Grass. The literary dining experience in Villa Eva.","og_url":"https:\/\/villaeva.pl\/en\/produkt\/literary-dinner\/","og_site_name":"Villa Eva","article_modified_time":"2021-07-19T12:01:15+00:00","og_image":[{"width":1920,"height":1278,"url":"https:\/\/villaeva.pl\/wp-content\/uploads\/2021\/02\/Restauracja-i-winiarnia-5.jpg","type":"image\/jpeg"}],"twitter_card":"summary_large_image","twitter_misc":{"Est. reading time":"1 minute"},"schema":{"@context":"https:\/\/schema.org","@graph":[{"@type":"WebPage","@id":"https:\/\/villaeva.pl\/en\/produkt\/literary-dinner\/","url":"https:\/\/villaeva.pl\/en\/produkt\/literary-dinner\/","name":"Literary dinner - Villa Eva","isPartOf":{"@id":"https:\/\/villaeva.pl\/#website"},"primaryImageOfPage":{"@id":"https:\/\/villaeva.pl\/en\/produkt\/literary-dinner\/#primaryimage"},"image":{"@id":"https:\/\/villaeva.pl\/en\/produkt\/literary-dinner\/#primaryimage"},"thumbnailUrl":"https:\/\/villaeva.pl\/wp-content\/uploads\/2021\/03\/3T7A6294-scaled.jpg","datePublished":"2021-03-02T16:24:04+00:00","dateModified":"2021-07-19T12:01:15+00:00","description":"The authentic Gdansk cuisine inspired by a famous nobel winning writer - Gunter Grass. The literary dining experience in Villa Eva.","breadcrumb":{"@id":"https:\/\/villaeva.pl\/en\/produkt\/literary-dinner\/#breadcrumb"},"inLanguage":"en-US","potentialAction":[{"@type":"ReadAction","target":["https:\/\/villaeva.pl\/en\/produkt\/literary-dinner\/"]}]},{"@type":"ImageObject","inLanguage":"en-US","@id":"https:\/\/villaeva.pl\/en\/produkt\/literary-dinner\/#primaryimage","url":"https:\/\/villaeva.pl\/wp-content\/uploads\/2021\/03\/3T7A6294-scaled.jpg","contentUrl":"https:\/\/villaeva.pl\/wp-content\/uploads\/2021\/03\/3T7A6294-scaled.jpg","width":1707,"height":2560},{"@type":"BreadcrumbList","@id":"https:\/\/villaeva.pl\/en\/produkt\/literary-dinner\/#breadcrumb","itemListElement":[{"@type":"ListItem","position":1,"name":"Strona g\u0142\u00f3wna","item":"https:\/\/villaeva.pl\/en\/"},{"@type":"ListItem","position":2,"name":"Shop","item":"https:\/\/villaeva.pl\/en\/shop\/"},{"@type":"ListItem","position":3,"name":"Literary dinner"}]},{"@type":"WebSite","@id":"https:\/\/villaeva.pl\/#website","url":"https:\/\/villaeva.pl\/","name":"Villa Eva","description":"Villa i Restauracja","potentialAction":[{"@type":"SearchAction","target":{"@type":"EntryPoint","urlTemplate":"https:\/\/villaeva.pl\/?s={search_term_string}"},"query-input":"required name=search_term_string"}],"inLanguage":"en-US"}]}},"_links":{"self":[{"href":"https:\/\/villaeva.pl\/en\/wp-json\/wp\/v2\/product\/1544"}],"collection":[{"href":"https:\/\/villaeva.pl\/en\/wp-json\/wp\/v2\/product"}],"about":[{"href":"https:\/\/villaeva.pl\/en\/wp-json\/wp\/v2\/types\/product"}],"wp:featuredmedia":[{"embeddable":true,"href":"https:\/\/villaeva.pl\/en\/wp-json\/wp\/v2\/media\/2626"}],"wp:attachment":[{"href":"https:\/\/villaeva.pl\/en\/wp-json\/wp\/v2\/media?parent=1544"}],"wp:term":[{"taxonomy":"product_cat","embeddable":true,"href":"https:\/\/villaeva.pl\/en\/wp-json\/wp\/v2\/product_cat?post=1544"},{"taxonomy":"product_tag","embeddable":true,"href":"https:\/\/villaeva.pl\/en\/wp-json\/wp\/v2\/product_tag?post=1544"}],"curies":[{"name":"wp","href":"https:\/\/api.w.org\/{rel}","templated":true}]}}