{"id":1638,"date":"2021-02-17T15:28:51","date_gmt":"2021-02-17T14:28:51","guid":{"rendered":"https:\/\/villaeva.pl\/regulamin\/"},"modified":"2021-07-25T16:06:59","modified_gmt":"2021-07-25T14:06:59","slug":"regulations","status":"publish","type":"page","link":"https:\/\/villaeva.pl\/en\/regulations\/","title":{"rendered":"Regulations"},"content":{"rendered":"<div data-block_606212cf9dd54 class=\"ve-header alignfull\" style=\"background-image: url(https:\/\/villaeva.pl\/wp-content\/uploads\/2021\/02\/hero.jpg)\">\r\n    <div class=\"ve-header__overlay\">\r\n\r\n        <div class=\"breadcrumbs\">\r\n            <a href=\"https:\/\/villaeva.pl\/en\/\">Villa Eva<\/a>\r\n\r\n            \r\n            \r\n            \/ <a href=\"https:\/\/villaeva.pl\/en\/regulations\/\">Regulations<\/a>\r\n        <\/div>\r\n\r\n        <h1>Regulamin<\/h1>\r\n    <\/div>\r\n<\/div>\n\n\n<h2 class=\"wp-block-heading\"><strong>REGULAMIN SKLEPU INTERNETOWEGO<\/strong><\/h2>\n\n\n\n<p><strong>I.&nbsp;&nbsp; &nbsp;Postanowienia og\u00f3lne<\/strong><br>1.&nbsp;&nbsp; &nbsp;Przedsi\u0119biorc\u0105 prowadz\u0105cym sklep internetowy znajduj\u0105cy si\u0119 pod domen\u0105 internetow\u0105 www.villaeva.pl,&nbsp; zwany dalej \u201eSklep\u201d jest Villa Eva Ewa Kulczycka w Gda\u0144sku przy ul. S. Batorego 28b, kod pocztowy 80-251 , NIP: 957-023-91-80, REGON:191634009, e-mail: <a href=\"mailto:info@villaeva.pl\">info@villaeva.pl<\/a>, tel. 58341-67-85<\/p>\n\n\n\n<p>2.&nbsp;&nbsp; &nbsp;Regulamin okre\u015bla prawa i obowi\u0105zki Klient\u00f3w jak r\u00f3wnie\u017c prawa i obowi\u0105zki Sprzedawcy jako podmiotu zarz\u0105dzaj\u0105cego i prowadz\u0105cego Sklep Internetowy.<br>3.&nbsp;&nbsp; &nbsp;Regulamin jest dost\u0119pny w polskiej wersji j\u0119zykowej na stronie www.villaeva.pl;<br>4.&nbsp;&nbsp; &nbsp;Klienci zobowi\u0105zani s\u0105 do przestrzegania autorskich praw maj\u0105tkowych oraz praw wynikaj\u0105cych z rejestracji wynalazk\u00f3w, patent\u00f3w, znak\u00f3w towarowych, wzor\u00f3w u\u017cytkowych i przemys\u0142owych.<br>5.&nbsp;&nbsp; &nbsp;W\u0142a\u015bciciel Sklepu Internetowego zobowi\u0105zuje si\u0119 do bezpiecznego przetwarzania danych osobowych Klient\u00f3w wy\u0142\u0105cznie w celu rzetelnego wykonania umowy sprzeda\u017cy zawartej na odleg\u0142o\u015b\u0107. Polityka Prywatno\u015bci znajduje si\u0119 na stronie <a href=\"http:\/\/www.villaeva.pl\/\">www.villaeva.pl<\/a><\/p>\n\n\n\n<p><br><strong>II.&nbsp;&nbsp; &nbsp;Definicje<\/strong><br>U\u017cyte w Regulaminie poj\u0119cia oznaczaj\u0105 odpowiednio:<br>1.&nbsp;&nbsp; &nbsp;Sklep \u2013 sklep internetowy dzia\u0142aj\u0105cy pod adresem www.villaeva.pl prowadz\u0105cy sprzeda\u017c us\u0142ug w formie voucher\u00f3w.<br>2.&nbsp;&nbsp; &nbsp;W\u0142a\u015bciciel \u2013 Villa Eva Ewa Kulczycka w Gda\u0144sku przy ul. S. Batorego 28b, kod pocztowy 80-251 , NIP: 957-023-91-80, REGON:191634009, e-mail: info@villaeva.pl, tel. 58341-67-85<br>3.&nbsp;&nbsp; &nbsp;Klient \u2013 ka\u017cdy podmiot dokonuj\u0105cy zakupu w Sklepie Internetowym zgodnie z tre\u015bci\u0105 Regulaminu, w tym Konsument jak i Przedsi\u0119biorca.<br>4.&nbsp;&nbsp; &nbsp;U\u017cytkownik &#8211; ka\u017cdy podmiot korzystaj\u0105cy z Internetu, kt\u00f3ry wejdzie na stron\u0119 internetow\u0105 Sklepu.<br>5.&nbsp;&nbsp; &nbsp;Konto Klienta \u2013 pole zawieraj\u0105ce dane na temat przeprowadzanych transakcji oraz instrument s\u0142u\u017c\u0105cy do realizacji sk\u0142adanych przez Klienta zam\u00f3wie\u0144.<br>6.&nbsp;&nbsp; &nbsp;Newsletter \u2013 us\u0142uga \u015bwiadczona przez Sklep Internetowy na rzecz U\u017cytkownika, kt\u00f3rzy wyrazili zgod\u0119 na przesy\u0142anie im Newslettera, polegaj\u0105ca na wysy\u0142aniu do takich U\u017cytkownik\u00f3w wszelkich informacji o dzia\u0142aniu Sklepu Internetowego, po dobrowolnym podaniu przez U\u017cytkownika adresu e-mail,&nbsp; imienia i nazwiska.<br>7.&nbsp;&nbsp; &nbsp;Konsument &#8211; osoba fizyczna dokonuj\u0105ca czynno\u015bci prawnej z przedsi\u0119biorc\u0105 niezwi\u0105zanej bezpo\u015brednio z jej dzia\u0142alno\u015bci\u0105 gospodarcz\u0105 lub zawodow\u0105.<br>8.&nbsp;&nbsp; &nbsp;Przedsi\u0119biorca \u2013 osoba fizyczna, osoba prawna lub jednostka nieposiadaj\u0105ca osobowo\u015bci prawnej, dokonuj\u0105ca czynno\u015bci prawnej we w\u0142asnym imieniu w ramach dzia\u0142alno\u015bci gospodarczej lub zawodowej.<br>9.&nbsp;&nbsp; &nbsp;Dni robocze \u2013 dni tygodnia od poniedzia\u0142ku do pi\u0105tku, poza dniami ustawowo wolnymi od pracy.<br>10.&nbsp;&nbsp; &nbsp;Regulamin \u2013 niniejszy dokument, okre\u015blaj\u0105cy warunki i zasady korzystania ze Sklepu Internetowego oraz nabywania w nim produkt\u00f3w.<br>11.&nbsp;&nbsp; &nbsp;Rejestracja \u2013 dobrowolne&nbsp; podanie danych przez Klienta Sklepu polegaj\u0105ce na wype\u0142nieniu formularza dost\u0119pnego na \u0142amach tego Sklepu.<\/p>\n\n\n\n<p><br><strong>III.&nbsp;&nbsp; &nbsp;Techniczne warunki korzystania ze Sklepu Internetowego<\/strong><br>1.&nbsp;&nbsp; &nbsp;W celu korzystania ze Sklepu Klient powinien posiada\u0107:<br>\u2022&nbsp;&nbsp; &nbsp;urz\u0105dzenie przekazuj\u0105ce dane teleinformatyczne;<br>\u2022&nbsp;&nbsp; &nbsp;dost\u0119p do sieci Internet;<br>\u2022&nbsp;&nbsp; &nbsp;adres poczty e-mail.<br>2.&nbsp;&nbsp; &nbsp;Sklep zbiera informacje zawarte w plikach cookies, kt\u00f3re s\u0105 plikami tekstowymi. Pliki te nie zachowuj\u0105 \u017cadnych danych personalnych, u\u017cywane s\u0105 w spos\u00f3b anonimowy w celu ocenienia realnego zainteresowania serwisem na stronach Sklepu Internetowego. Pliki Cookies s\u0142u\u017c\u0105 do wymiany informacji pomi\u0119dzy Sklepem Internetowym a U\u017cytkownikiem, co w znacznym stopniu u\u0142atwia dopasowanie oferty do oczekiwa\u0144 i preferencji ka\u017cdego U\u017cytkownika. Klient decyduje o stosowaniu plik\u00f3w cookies. Przegl\u0105darki internetowe cz\u0119sto domy\u015blnie maj\u0105 ustawion\u0105 mo\u017cliwo\u015b\u0107 instalowania tych plik\u00f3w na&nbsp; urz\u0105dzeniu ko\u0144cowym Klienta, kt\u00f3ry w ka\u017cdym czasie mo\u017ce dokona\u0107 zmiany ustawie\u0144.<br>3.&nbsp;&nbsp; &nbsp;Sklep informuje, i\u017c wy\u0142\u0105czenie przez Klienta mo\u017cliwo\u015bci korzystania z plik\u00f3w Cookies mo\u017ce wp\u0142yn\u0105\u0107 na funkcjonalno\u015bci dost\u0119pne w Sklepie Internetowym.<br>4.&nbsp;&nbsp; &nbsp;Szczeg\u00f3\u0142owe informacje dotycz\u0105ce plik\u00f3w Cookies zawarte s\u0105 w Polityce Plik\u00f3w Cookies, udost\u0119pnionej pod adresem www.villaeva.pl i stanowi\u0105cej integraln\u0105 cz\u0119\u015b\u0107 Regulaminu.<\/p>\n\n\n\n<p><br><strong>IV.&nbsp;&nbsp; &nbsp;Rejestracja i Logowanie<\/strong><br>1.&nbsp;&nbsp; &nbsp;Klient w celu za\u0142o\u017cenia \u201eKonta Klienta\u201d dokonuje rejestracji, podaj\u0105c adres e-mail oraz has\u0142o, za pomoc\u0105 formularza.<br>2.&nbsp;&nbsp; &nbsp;Has\u0142o podawane przy logowaniu do Sklepu Internetowego mo\u017ce sk\u0142ada\u0107 si\u0119 z liter, cyfr lub\/oraz znak\u00f3w specjalnych. Has\u0142o jest indywidualne dla ka\u017cdego u\u017cytkownika. Has\u0142o mo\u017cna zmieni\u0107 na stronie poprzez podanie adresu e-mail oraz nowego has\u0142a.<br>Za\u0142o\u017cenie \u201eKonta Klienta\u201d jest nieodp\u0142atne.<br>3.&nbsp;&nbsp; &nbsp;Rejestracja nie jest warunkiem z\u0142o\u017cenia zam\u00f3wienia w Sklepie Internetowym. Warunki sk\u0142adania zam\u00f3wie\u0144 w tym trybie zawarte s\u0105 w pkt. V ust. 9 Regulaminu.<br>4.&nbsp;&nbsp; &nbsp;Klient zobowi\u0105zuje si\u0119 do podania prawdziwych danych.<br>5.&nbsp;&nbsp; &nbsp;Klient przez akceptacj\u0119 Regulaminu sk\u0142ada o\u015bwiadczenie nast\u0119puj\u0105cej tre\u015bci:<br>\u2022&nbsp;&nbsp; &nbsp;przyst\u0105pi\u0142em dobrowolnie do korzystania z us\u0142ug Sklepu Internetowego;<br>\u2022&nbsp;&nbsp; &nbsp;dane zawarte w formularzu s\u0105 zgodne z prawd\u0105.<br>6.&nbsp;&nbsp; &nbsp;Klient nie mo\u017ce przekazywa\u0107 has\u0142a dost\u0119pu do konta w Sklepie Internetowym osobom trzecim.<br>7.&nbsp;&nbsp; &nbsp;Zarejestrowany Klient ma mo\u017cliwo\u015b\u0107:<br>\u2022&nbsp;&nbsp; &nbsp;dost\u0119pu do statusu oraz historii zam\u00f3wie\u0144;<br>\u2022&nbsp;&nbsp; &nbsp;otrzymywania indywidualnych rabat\u00f3w i kupon\u00f3w promocyjnych;<br>\u2022&nbsp;&nbsp; &nbsp;informacji o mo\u017cliwo\u015bci udzia\u0142u w promocjach i konkursach;<br>\u2022&nbsp;&nbsp; &nbsp;zam\u00f3wienia us\u0142ugi,<br>\u2022&nbsp;&nbsp; &nbsp;zmiany&nbsp; swoich danych;<br>\u2022&nbsp;&nbsp; &nbsp;zmiany swojego has\u0142a;<br>\u2022&nbsp;&nbsp; &nbsp;sprawdzenia swojego zam\u00f3wienia;<br>\u2022&nbsp;&nbsp; &nbsp;usuni\u0119cia swojego konta.<br>8.&nbsp;&nbsp; &nbsp;Po dokonaniu rejestracji Klient otrzyma na podany adres e-mail potwierdzenie rejestracji.<br>9.&nbsp;&nbsp; &nbsp;Dokonanie aktywacji umo\u017cliwia zalogowanie do systemu.<br>10.&nbsp; Klient nie mo\u017ce kopiowa\u0107, modyfikowa\u0107 ani rozpowszechnia\u0107 tre\u015bci, zdj\u0119\u0107 logotyp\u00f3w bez uprzedniej zgody osoby uprawnionej.<br><br><strong>V.&nbsp;&nbsp; &nbsp;Realizacja zam\u00f3wie\u0144<\/strong><br>1. Sklep Internetowy jest czynny przez 24 godziny na dob\u0119, 7 dni w tygodniu, umo\u017cliwiaj\u0105c<\/p>\n\n\n\n<p>2. Klientowi z\u0142o\u017cenie zam\u00f3wienia o ka\u017cdej porze, poza przerwami konserwacyjnymi.<br>3. Klient wybiera us\u0142ug\u0119 w sklepie, je\u015bli jest taka mo\u017cliwo\u015b\u0107 wpisuje odbiorc\u0119 vouchera<\/p>\n\n\n\n<p>4. Po klikni\u0119ciu \u201ekup\u201d przechodzi do podsumowania zam\u00f3wienia, gdzie klient wpisuje dane rozliczeniowe lub mo\u017ce si\u0119 zalogowa\u0107<\/p>\n\n\n\n<p>5. Wyb\u00f3r formy p\u0142atno\u015bci, potwierdzenie zakupu<\/p>\n\n\n\n<p>6. Przeniesienie na stron\u0119 p\u0142atnika, gdzie wykonanie szybkiego przelewu<\/p>\n\n\n\n<p>7. Informacja zwrotna, \u017ce przelew zosta\u0142 zrealizowany<\/p>\n\n\n\n<p>8. Na podany adres e-mail przychodzi powiadomienie o zakupie i potwierdzenie p\u0142atno\u015bci<\/p>\n\n\n\n<p>9. Klient dostaje na adres e-mail potwierdzenie p\u0142atno\u015bci oraz voucher<\/p>\n\n\n\n<p><br><strong>VI.&nbsp;&nbsp; &nbsp;Forma p\u0142atno\u015bci<\/strong><br>1.&nbsp;&nbsp; &nbsp;Klient ma mo\u017cliwo\u015b\u0107 dokonania zap\u0142aty za towar tytu\u0142em z\u0142o\u017conego zam\u00f3wienia za pomoc\u0105 po\u015brednika p\u0142atno\u015bci TPay:<\/p>\n\n\n\n<ul><li>ePrzelew<\/li><li>eTransfer<\/li><li>Blik<\/li><li>Raty dla transakcji powy\u017cej 300 z\u0142<\/li><\/ul>\n\n\n\n<p><br><strong>VII.&nbsp;&nbsp; &nbsp;Ceny<\/strong><br>1.&nbsp;&nbsp; &nbsp;Ceny podane przy produktach na stronie WWW Sklepu Internetowego podawane s\u0105 w z\u0142otych polskich i zawieraj\u0105 podatki i op\u0142aty. Cena produktu przed oznaczeniem przycisku \u201edo koszyka\u201d nie zawiera koszt\u00f3w przesy\u0142ki i innych dodatkowych op\u0142at. Koszty przesy\u0142ki oraz dokonania p\u0142atno\u015bci doliczane s\u0105 do sumy zamawianych produkt\u00f3w. Klient jest informowany przed z\u0142o\u017ceniem zam\u00f3wienia o dodatkowych kosztach np. zwi\u0105zanych z opakowaniem.<br>2.&nbsp;&nbsp; &nbsp;Cen\u0105 ostateczn\u0105 zam\u00f3wienia, wi\u0105\u017c\u0105c\u0105 Sklep Internetowy i Klienta jest cena produktu podana na stronie Sklepu Internetowego przed z\u0142o\u017ceniem zam\u00f3wienia przez Klienta, wraz z wszystkimi kosztami zwi\u0105zanymi z realizacj\u0105 umowy.<br>3.&nbsp;&nbsp; &nbsp;Informacja na temat ca\u0142kowitej warto\u015bci zam\u00f3wienia (wraz z kosztami przesy\u0142ki, dokonania p\u0142atno\u015bci) udost\u0119pniana jest przed wyborem opcji \u201eZamawiam \u2013 transakcja z obowi\u0105zkiem zap\u0142aty\u201d oraz potwierdzana jest w przes\u0142anej niezw\u0142ocznie wiadomo\u015bci e-mail na adres podany przez Klienta.<\/p>\n\n\n\n<p><strong>VIII.&nbsp;&nbsp; &nbsp;Prawo odst\u0105pienia od umowy<\/strong><br>Niniejszy rozdzia\u0142 dotyczy Klient\u00f3w b\u0119d\u0105cych Konsumentami.<br>1.&nbsp;&nbsp; &nbsp;Konsument mo\u017ce odst\u0105pi\u0107 od umowy bez podania przyczyny, sk\u0142adaj\u0105c w terminie 14 dni od dnia dor\u0119czenia mu zam\u00f3wionego towaru stosowne o\u015bwiadczenie w jakiejkolwiek formie. Do zachowania powy\u017cszego terminu wystarczy wys\u0142a\u0107 o\u015bwiadczenie przed jego up\u0142ywem na adres: info@villaeva.pl<br>2.&nbsp;&nbsp; &nbsp;W przypadku odst\u0105pienia Konsumenta od umowy, W\u0142a\u015bciciel dokona zwrotu ceny zam\u00f3wienia w ci\u0105gu 14 dni od daty otrzymania towaru. Zwrot nast\u0105pi na wskazany przez Konsumenta rachunek bankowy. W\u0142a\u015bciciel wydaje pisemne po\u015bwiadczenie o zwrocie \u015bwiadczenia. Sprzedawca dokonuje zwrotu p\u0142atno\u015bci przy u\u017cyciu takiego samego sposobu zap\u0142aty, jakiego u\u017cy\u0142 Konsument, chyba \u017ce Konsument wyra\u017anie zgodzi\u0142 si\u0119 na inny spos\u00f3b zwrotu, kt\u00f3ry nie wi\u0105\u017ce si\u0119 dla niego z \u017cadnymi dodatkowymi kosztami.<br><br><\/p>\n\n\n\n<p><strong>IX.&nbsp;&nbsp; &nbsp;Zasady przetwarzania danych osobowych Klient\u00f3w<\/strong><br>1.&nbsp;&nbsp; &nbsp;Szczeg\u00f3\u0142owe zasady przetwarzania danych osobowych Klient\u00f3w-os\u00f3b fizycznych okre\u015blone zosta\u0142y w \u201ePolityce prywatno\u015bci\u201d, stanowi\u0105cej integraln\u0105 cz\u0119\u015b\u0107 Regulaminu.<\/p>\n\n\n\n<p><br><strong>X.&nbsp;&nbsp; &nbsp;Pozosta\u0142e<\/strong><br>1.&nbsp;&nbsp; &nbsp;Regulaminy s\u0105 dost\u0119pne pod adresem: www.villaeva.pl<br>2.&nbsp;&nbsp; &nbsp;Klient ma mo\u017cliwo\u015b\u0107 odczytu, \u015bci\u0105gni\u0119cia tre\u015bci regulamin\u00f3w na swoje Urz\u0105dzenie oraz dokonania wydruku.<br>3.&nbsp;&nbsp; &nbsp;Je\u017celi Klientem jest Konsument, wszelkie spory powsta\u0142e na gruncie Regulaminu lub um\u00f3w sprzeda\u017cy mog\u0105 by\u0107 rozstrzygane w drodze mediacji (wi\u0119cej informacji znajduje si\u0119 tutaj: http:\/\/www.prawakonsumenta.uokik.gov.pl\/pomoc\/) lub s\u0105d powszechny wed\u0142ug w\u0142a\u015bciwo\u015bci og\u00f3lnej.<br>4.&nbsp;&nbsp; &nbsp;Je\u017celi Klientem jest przedsi\u0119biorca, wszelkie spory powsta\u0142e na gruncie Regulaminu lub um\u00f3w sprzeda\u017cy b\u0119d\u0105 rozstrzygane w pierwszej kolejno\u015bci polubownie przez Strony w drodze negocjacji lub mediacji, a w przypadku niedoj\u015bcia Stron do porozumienia \u2013 przez&nbsp; S\u0105d Powszechny w\u0142a\u015bciwy dla siedziby W\u0142a\u015bciciela.<br><br><\/p>\n","protected":false},"excerpt":{"rendered":"<p>REGULAMIN SKLEPU INTERNETOWEGO I.&nbsp;&nbsp; &nbsp;Postanowienia og\u00f3lne1.&nbsp;&nbsp; &nbsp;Przedsi\u0119biorc\u0105 prowadz\u0105cym sklep internetowy znajduj\u0105cy si\u0119 pod domen\u0105 internetow\u0105 www.villaeva.pl,&nbsp; zwany dalej \u201eSklep\u201d jest Villa Eva Ewa Kulczycka w Gda\u0144sku przy ul. S. Batorego 28b, kod pocztowy 80-251 , NIP: 957-023-91-80, REGON:191634009, e-mail: info@villaeva.pl, tel. 58341-67-85 2.&nbsp;&nbsp; &nbsp;Regulamin okre\u015bla prawa i obowi\u0105zki Klient\u00f3w jak r\u00f3wnie\u017c prawa i obowi\u0105zki Sprzedawcy &hellip; <a href=\"https:\/\/villaeva.pl\/en\/regulations\/\">Continued<\/a><\/p>\n","protected":false},"author":3,"featured_media":119,"parent":0,"menu_order":0,"comment_status":"closed","ping_status":"closed","template":"","meta":{"_acf_changed":false,"footnotes":""},"acf":[],"yoast_head":"<!-- This site is optimized with the Yoast SEO plugin v22.6 - https:\/\/yoast.com\/wordpress\/plugins\/seo\/ -->\n<title>Regulations - Villa Eva<\/title>\n<meta name=\"robots\" content=\"index, follow, max-snippet:-1, max-image-preview:large, max-video-preview:-1\" \/>\n<link rel=\"canonical\" href=\"https:\/\/villaeva.pl\/en\/regulations\/\" \/>\n<meta property=\"og:locale\" content=\"en_US\" \/>\n<meta property=\"og:type\" content=\"article\" \/>\n<meta property=\"og:title\" content=\"Regulations - Villa Eva\" \/>\n<meta property=\"og:description\" content=\"REGULAMIN SKLEPU INTERNETOWEGO I.&nbsp;&nbsp; &nbsp;Postanowienia og\u00f3lne1.&nbsp;&nbsp; &nbsp;Przedsi\u0119biorc\u0105 prowadz\u0105cym sklep internetowy znajduj\u0105cy si\u0119 pod domen\u0105 internetow\u0105 www.villaeva.pl,&nbsp; zwany dalej \u201eSklep\u201d jest Villa Eva Ewa Kulczycka w Gda\u0144sku przy ul. S. Batorego 28b, kod pocztowy 80-251 , NIP: 957-023-91-80, REGON:191634009, e-mail: info@villaeva.pl, tel. 58341-67-85 2.&nbsp;&nbsp; &nbsp;Regulamin okre\u015bla prawa i obowi\u0105zki Klient\u00f3w jak r\u00f3wnie\u017c prawa i obowi\u0105zki Sprzedawcy &hellip; Continued\" \/>\n<meta property=\"og:url\" content=\"https:\/\/villaeva.pl\/en\/regulations\/\" \/>\n<meta property=\"og:site_name\" content=\"Villa Eva\" \/>\n<meta property=\"article:modified_time\" content=\"2021-07-25T14:06:59+00:00\" \/>\n<meta property=\"og:image\" content=\"https:\/\/villaeva.pl\/wp-content\/uploads\/2021\/02\/hero.jpg\" \/>\n\t<meta property=\"og:image:width\" content=\"1920\" \/>\n\t<meta property=\"og:image:height\" content=\"1079\" \/>\n\t<meta property=\"og:image:type\" content=\"image\/jpeg\" \/>\n<meta name=\"twitter:card\" content=\"summary_large_image\" \/>\n<meta name=\"twitter:label1\" content=\"Est. reading time\" \/>\n\t<meta name=\"twitter:data1\" content=\"6 minutes\" \/>\n<script type=\"application\/ld+json\" class=\"yoast-schema-graph\">{\"@context\":\"https:\/\/schema.org\",\"@graph\":[{\"@type\":\"WebPage\",\"@id\":\"https:\/\/villaeva.pl\/en\/regulations\/\",\"url\":\"https:\/\/villaeva.pl\/en\/regulations\/\",\"name\":\"Regulations - Villa Eva\",\"isPartOf\":{\"@id\":\"https:\/\/villaeva.pl\/#website\"},\"primaryImageOfPage\":{\"@id\":\"https:\/\/villaeva.pl\/en\/regulations\/#primaryimage\"},\"image\":{\"@id\":\"https:\/\/villaeva.pl\/en\/regulations\/#primaryimage\"},\"thumbnailUrl\":\"https:\/\/villaeva.pl\/wp-content\/uploads\/2021\/02\/hero.jpg\",\"datePublished\":\"2021-02-17T14:28:51+00:00\",\"dateModified\":\"2021-07-25T14:06:59+00:00\",\"breadcrumb\":{\"@id\":\"https:\/\/villaeva.pl\/en\/regulations\/#breadcrumb\"},\"inLanguage\":\"en-US\",\"potentialAction\":[{\"@type\":\"ReadAction\",\"target\":[\"https:\/\/villaeva.pl\/en\/regulations\/\"]}]},{\"@type\":\"ImageObject\",\"inLanguage\":\"en-US\",\"@id\":\"https:\/\/villaeva.pl\/en\/regulations\/#primaryimage\",\"url\":\"https:\/\/villaeva.pl\/wp-content\/uploads\/2021\/02\/hero.jpg\",\"contentUrl\":\"https:\/\/villaeva.pl\/wp-content\/uploads\/2021\/02\/hero.jpg\",\"width\":1920,\"height\":1079},{\"@type\":\"BreadcrumbList\",\"@id\":\"https:\/\/villaeva.pl\/en\/regulations\/#breadcrumb\",\"itemListElement\":[{\"@type\":\"ListItem\",\"position\":1,\"name\":\"Strona g\u0142\u00f3wna\",\"item\":\"https:\/\/villaeva.pl\/en\/\"},{\"@type\":\"ListItem\",\"position\":2,\"name\":\"Regulations\"}]},{\"@type\":\"WebSite\",\"@id\":\"https:\/\/villaeva.pl\/#website\",\"url\":\"https:\/\/villaeva.pl\/\",\"name\":\"Villa Eva\",\"description\":\"Villa i Restauracja\",\"potentialAction\":[{\"@type\":\"SearchAction\",\"target\":{\"@type\":\"EntryPoint\",\"urlTemplate\":\"https:\/\/villaeva.pl\/?s={search_term_string}\"},\"query-input\":\"required name=search_term_string\"}],\"inLanguage\":\"en-US\"}]}<\/script>\n<!-- \/ Yoast SEO plugin. -->","yoast_head_json":{"title":"Regulations - Villa Eva","robots":{"index":"index","follow":"follow","max-snippet":"max-snippet:-1","max-image-preview":"max-image-preview:large","max-video-preview":"max-video-preview:-1"},"canonical":"https:\/\/villaeva.pl\/en\/regulations\/","og_locale":"en_US","og_type":"article","og_title":"Regulations - Villa Eva","og_description":"REGULAMIN SKLEPU INTERNETOWEGO I.&nbsp;&nbsp; &nbsp;Postanowienia og\u00f3lne1.&nbsp;&nbsp; &nbsp;Przedsi\u0119biorc\u0105 prowadz\u0105cym sklep internetowy znajduj\u0105cy si\u0119 pod domen\u0105 internetow\u0105 www.villaeva.pl,&nbsp; zwany dalej \u201eSklep\u201d jest Villa Eva Ewa Kulczycka w Gda\u0144sku przy ul. S. Batorego 28b, kod pocztowy 80-251 , NIP: 957-023-91-80, REGON:191634009, e-mail: info@villaeva.pl, tel. 58341-67-85 2.&nbsp;&nbsp; &nbsp;Regulamin okre\u015bla prawa i obowi\u0105zki Klient\u00f3w jak r\u00f3wnie\u017c prawa i obowi\u0105zki Sprzedawcy &hellip; Continued","og_url":"https:\/\/villaeva.pl\/en\/regulations\/","og_site_name":"Villa Eva","article_modified_time":"2021-07-25T14:06:59+00:00","og_image":[{"width":1920,"height":1079,"url":"https:\/\/villaeva.pl\/wp-content\/uploads\/2021\/02\/hero.jpg","type":"image\/jpeg"}],"twitter_card":"summary_large_image","twitter_misc":{"Est. reading time":"6 minutes"},"schema":{"@context":"https:\/\/schema.org","@graph":[{"@type":"WebPage","@id":"https:\/\/villaeva.pl\/en\/regulations\/","url":"https:\/\/villaeva.pl\/en\/regulations\/","name":"Regulations - Villa Eva","isPartOf":{"@id":"https:\/\/villaeva.pl\/#website"},"primaryImageOfPage":{"@id":"https:\/\/villaeva.pl\/en\/regulations\/#primaryimage"},"image":{"@id":"https:\/\/villaeva.pl\/en\/regulations\/#primaryimage"},"thumbnailUrl":"https:\/\/villaeva.pl\/wp-content\/uploads\/2021\/02\/hero.jpg","datePublished":"2021-02-17T14:28:51+00:00","dateModified":"2021-07-25T14:06:59+00:00","breadcrumb":{"@id":"https:\/\/villaeva.pl\/en\/regulations\/#breadcrumb"},"inLanguage":"en-US","potentialAction":[{"@type":"ReadAction","target":["https:\/\/villaeva.pl\/en\/regulations\/"]}]},{"@type":"ImageObject","inLanguage":"en-US","@id":"https:\/\/villaeva.pl\/en\/regulations\/#primaryimage","url":"https:\/\/villaeva.pl\/wp-content\/uploads\/2021\/02\/hero.jpg","contentUrl":"https:\/\/villaeva.pl\/wp-content\/uploads\/2021\/02\/hero.jpg","width":1920,"height":1079},{"@type":"BreadcrumbList","@id":"https:\/\/villaeva.pl\/en\/regulations\/#breadcrumb","itemListElement":[{"@type":"ListItem","position":1,"name":"Strona g\u0142\u00f3wna","item":"https:\/\/villaeva.pl\/en\/"},{"@type":"ListItem","position":2,"name":"Regulations"}]},{"@type":"WebSite","@id":"https:\/\/villaeva.pl\/#website","url":"https:\/\/villaeva.pl\/","name":"Villa Eva","description":"Villa i Restauracja","potentialAction":[{"@type":"SearchAction","target":{"@type":"EntryPoint","urlTemplate":"https:\/\/villaeva.pl\/?s={search_term_string}"},"query-input":"required name=search_term_string"}],"inLanguage":"en-US"}]}},"_links":{"self":[{"href":"https:\/\/villaeva.pl\/en\/wp-json\/wp\/v2\/pages\/1638"}],"collection":[{"href":"https:\/\/villaeva.pl\/en\/wp-json\/wp\/v2\/pages"}],"about":[{"href":"https:\/\/villaeva.pl\/en\/wp-json\/wp\/v2\/types\/page"}],"author":[{"embeddable":true,"href":"https:\/\/villaeva.pl\/en\/wp-json\/wp\/v2\/users\/3"}],"replies":[{"embeddable":true,"href":"https:\/\/villaeva.pl\/en\/wp-json\/wp\/v2\/comments?post=1638"}],"version-history":[{"count":1,"href":"https:\/\/villaeva.pl\/en\/wp-json\/wp\/v2\/pages\/1638\/revisions"}],"predecessor-version":[{"id":1639,"href":"https:\/\/villaeva.pl\/en\/wp-json\/wp\/v2\/pages\/1638\/revisions\/1639"}],"wp:featuredmedia":[{"embeddable":true,"href":"https:\/\/villaeva.pl\/en\/wp-json\/wp\/v2\/media\/119"}],"wp:attachment":[{"href":"https:\/\/villaeva.pl\/en\/wp-json\/wp\/v2\/media?parent=1638"}],"curies":[{"name":"wp","href":"https:\/\/api.w.org\/{rel}","templated":true}]}}