{"id":1569,"date":"2021-07-16T12:51:36","date_gmt":"2021-07-16T10:51:36","guid":{"rendered":"https:\/\/villaeva.pl\/?page_id=1569"},"modified":"2021-07-27T11:50:48","modified_gmt":"2021-07-27T09:50:48","slug":"parties","status":"publish","type":"page","link":"https:\/\/villaeva.pl\/en\/parties\/","title":{"rendered":"Parties"},"content":{"rendered":"<div data-block_6037a2b290df3 class=\"ve-header alignfull\" style=\"background-image: url(https:\/\/villaeva.pl\/wp-content\/uploads\/2021\/02\/Przyjecia-okolicznosciowe-6.jpg)\">\r\n    <div class=\"ve-header__overlay\">\r\n\r\n        <div class=\"breadcrumbs\">\r\n            <a href=\"https:\/\/villaeva.pl\/en\/\">Villa Eva<\/a>\r\n\r\n            \r\n            \r\n            \/ <a href=\"https:\/\/villaeva.pl\/en\/parties\/\">Parties<\/a>\r\n        <\/div>\r\n\r\n        <h1>Parties<\/h1>\r\n    <\/div>\r\n<\/div>\n\n\n<div class=\"wp-block-media-text alignfull has-media-on-the-right is-stacked-on-mobile is-vertically-aligned-top figure-mt-70\" style=\"grid-template-columns:auto 36%\"><figure class=\"wp-block-media-text__media\"><img loading=\"lazy\" decoding=\"async\" width=\"749\" height=\"1024\" src=\"https:\/\/villaeva.pl\/wp-content\/uploads\/2021\/02\/Przyjecia-okolicznosciowe-5-749x1024.jpg\" alt=\"\" class=\"wp-image-592 size-full\" srcset=\"https:\/\/villaeva.pl\/wp-content\/uploads\/2021\/02\/Przyjecia-okolicznosciowe-5-749x1024.jpg 749w, https:\/\/villaeva.pl\/wp-content\/uploads\/2021\/02\/Przyjecia-okolicznosciowe-5-220x300.jpg 220w, https:\/\/villaeva.pl\/wp-content\/uploads\/2021\/02\/Przyjecia-okolicznosciowe-5-768x1050.jpg 768w, https:\/\/villaeva.pl\/wp-content\/uploads\/2021\/02\/Przyjecia-okolicznosciowe-5-1124x1536.jpg 1124w, https:\/\/villaeva.pl\/wp-content\/uploads\/2021\/02\/Przyjecia-okolicznosciowe-5-600x820.jpg 600w, https:\/\/villaeva.pl\/wp-content\/uploads\/2021\/02\/Przyjecia-okolicznosciowe-5-100x137.jpg 100w, https:\/\/villaeva.pl\/wp-content\/uploads\/2021\/02\/Przyjecia-okolicznosciowe-5.jpg 1405w\" sizes=\"(max-width: 749px) 100vw, 749px\" \/><\/figure><div class=\"wp-block-media-text__content\">\n<p class=\"has-accent-color has-text-color\">Party at Villa Eva<\/p>\n\n\n\n<h2 class=\"wp-block-heading\"><strong>Unforgettable moments with your loved ones<\/strong><\/h2>\n\n\n\n<p>The hotel, restaurant and wine bar, surrounded by the Tri-City Landscape Park and flower garden create a dream place to organize a party in Gdansk. The exquisite cuisine from our award-winning restaurant, a wide range of wines and spirits and the unparalleled elegance and class of our interiors &#8211; all this will give your party a unique character.<\/p>\n\n\n\n<p>Each time we individually determine the menu and tailor it to the preferences of our guests. We also offer dishes from off the menu<\/p>\n\n\n\n<p>Our venue is perfect for communion parties, birthday parties and wine sampling evenings for adults.<\/p>\n\n\n\n<p>We offer:<\/p>\n\n\n\n<ul><li>Banqueting hall for up to 120 people with access to the garden and private bar<\/li><li>Banqueting hall with a capacity for 50 people, which can be connected with the restaurant room and a private terrace<\/li><li>Restaurant room for 30 people<\/li><li>Garden shelter with a fireplace for 60 people<\/li><li>Possibility of organizing garden parties in the form of a barbecue or traditionally<\/li><\/ul>\n<\/div><\/div>\n\n\n<div data-block_6033835cedccd class=\"ve-gallery align wp-block-group alignfull wow fadeInUp\">\r\n    <div class=\"wp-block-group__inner-container\">\r\n\r\n        <div class=\"swiper-container\">\r\n\r\n            <div class=\"wp-block-columns are-vertically-aligned-bottom\">\r\n    <div class=\"wp-block-column is-vertically-aligned-bottom\" style=\"flex-basis:66.66%\">\r\n        <p class=\"has-accent-color has-text-color\">Gallery<\/p>\r\n        <h2>Party gallery<\/h2>\r\n    <\/div>\r\n    <div class=\"wp-block-column is-vertically-aligned-bottom\" style=\"flex-basis:33.33%\">\r\n        <div class=\"swiper-navigation\">\r\n            <div class=\"swiper-button-prev\"><\/div>\r\n            <div class=\"swiper-button-next\"><\/div>\r\n        <\/div>\r\n    <\/div>\r\n<\/div>\r\n                            <div class=\"swiper-wrapper\">\r\n                                    \r\n                                            <div class=\"swiper-slide\">\r\n                            <div class=\"grid-container\">\r\n                                <div class=\"grid-item grid-1\"><a href=\"https:\/\/villaeva.pl\/wp-content\/uploads\/2021\/02\/Przyjecia-okolicznosciowe-1-1124x1536.jpg\"><img decoding=\"async\" src=\"https:\/\/villaeva.pl\/wp-content\/uploads\/2021\/02\/Przyjecia-okolicznosciowe-1-768x1050.jpg\" alt=\"\"><\/a><\/div>\r\n                                <div class=\"grid-item grid-2\"><a href=\"https:\/\/villaeva.pl\/wp-content\/uploads\/2021\/02\/Przyjecia-okolicznosciowe-2-1110x1536.jpg\"><img decoding=\"async\" src=\"https:\/\/villaeva.pl\/wp-content\/uploads\/2021\/02\/Przyjecia-okolicznosciowe-2-768x1063.jpg\" alt=\"\"><\/a><\/div>\r\n                                <div class=\"grid-item grid-3\"><a href=\"https:\/\/villaeva.pl\/wp-content\/uploads\/2021\/02\/Przyjecia-okolicznosciowe-3-1536x1022.jpg\"><img decoding=\"async\" src=\"https:\/\/villaeva.pl\/wp-content\/uploads\/2021\/02\/Przyjecia-okolicznosciowe-3-768x511.jpg\" alt=\"\"><\/a><\/div>\r\n                                <div class=\"grid-item grid-4\"><a href=\"https:\/\/villaeva.pl\/wp-content\/uploads\/2021\/02\/Przyjecia-okolicznosciowe-4-1536x1037.jpg\"><img decoding=\"async\" src=\"https:\/\/villaeva.pl\/wp-content\/uploads\/2021\/02\/Przyjecia-okolicznosciowe-4-768x518.jpg\" alt=\"\"><\/a><\/div>\r\n                                <div class=\"grid-item grid-5\"><a href=\"https:\/\/villaeva.pl\/wp-content\/uploads\/2021\/02\/Przyjecia-okolicznosciowe-7-1124x1536.jpg\"><img decoding=\"async\" src=\"https:\/\/villaeva.pl\/wp-content\/uploads\/2021\/02\/Przyjecia-okolicznosciowe-7-768x1050.jpg\" alt=\"\"><\/a><\/div>\r\n                            <\/div>\r\n                        <\/div>\r\n                    \r\n                                <\/div>\r\n\r\n            \r\n        <\/div>\r\n    <\/div>\r\n<\/div>\n\n<div data-block_603383eeedcd0 class=\"ve-testimonials align wp-block-group alignfull wow fadeInUp\">\r\n    <div class=\"wp-block-group__inner-container\">\r\n\r\n        <div class=\"swiper-container\">\r\n\r\n            <div class=\"wp-block-columns are-vertically-aligned-bottom\">\r\n    <div class=\"wp-block-column is-vertically-aligned-bottom\" style=\"flex-basis:66.66%\">\r\n        <p class=\"has-accent-color has-text-color\">Opinions<\/p>\r\n        <h2>Our guests&#8217; opinions<\/h2>\r\n    <\/div>\r\n    <div class=\"wp-block-column is-vertically-aligned-bottom\" style=\"flex-basis:33.33%\">\r\n        <div class=\"swiper-navigation\">\r\n            <div class=\"swiper-button-prev\"><\/div>\r\n            <div class=\"swiper-button-next\"><\/div>\r\n        <\/div>\r\n    <\/div>\r\n<\/div>\r\n                                        <div class=\"swiper-wrapper\">\r\n                                    \r\n                    <div class=\"swiper-slide testimonial\">\r\n                        <div class=\"testimonial__content\">\r\n                            <p>\r\n                                Je\u017celi mieszkasz w Tr\u00f3jmie\u015bcie i planujesz rodzinne spotkanie w mi\u0142ym otoczeniu to polecam Vill\u0119 Eva w Gda\u0144sku.\r\nTen kameralny hotelik w podle\u015bnej cz\u0119\u015bci Wrzeszcza, dysponuje sal\u0105 restauracyjn\u0105 o ciekawym wystroju oraz sporym, \u0142adnie zaaran\u017cowanym ogrodem. W spotkaniu, kt\u00f3re mia\u0142em okazj\u0119 organizowa\u0107, spor\u0105 grupk\u0119 stanowi\u0142y dzieci. By zapewni\u0107 im ciekawy i bezpieczny pobyt zaprosili\u015bmy panie &#8211; animatorki, kt\u00f3re zaj\u0119\u0142y dzieci ciekaw\u0105 zabaw\u0105 &#8211; pozwalaj\u0105c doros\u0142y na swobodne prowadzenie rozm\u00f3w. Obs\u0142uga hotelu, wysz\u0142a nam na przeciw, przygotowuj\u0105c stosowny k\u0105cik w sali &#8211; na wypadek niepogody. Ta jednak dopisa\u0142a &#8211; zatem wi\u0119kszo\u015b\u0107 czasu dzieci sp\u0119dzi\u0142y w ogrodzie.\r\nMi\u0142a obs\u0142uga hotelu i kuchni zapewni\u0142a ciekawe i smaczne dania &#8211; zar\u00f3wno mi\u0119sne jak i rybne.\r\nWszystko zosta\u0142o podane w elegancki spos\u00f3b.\r\n\r\n                            <\/p>\r\n                        <\/div>\r\n                        <div class=\"testimonial__author\">\r\n                            J\u00f3zef\r\n                        <\/div>\r\n\r\n                    <\/div>\r\n\r\n                                    \r\n                    <div class=\"swiper-slide testimonial\">\r\n                        <div class=\"testimonial__content\">\r\n                            <p>\r\n                                W Villi Eva oragnizowali\u015bmy Komunie dla dziecka.\r\nWszystko zosta\u0142o zorganizowane doskonale, pocz\u0105wszy od detali sko\u0144czywszy na pysznym jedzeniu.\r\nPasztet, zupa krem z bia\u0142ych warzyw, pol\u0119dwiczki na sosie borowikowym oraz pascha-pyszne.\r\nPanie Tadeuszu &#8211; bardzo dzi\u0119kujemy &#8211; dzi\u0119ki Panu przyj\u0119cie komunijne przebieg\u0142o dok\u0142adnie w spos\u00f3b jaki mo\u017cna sobie wymarzy\u0107.\r\n\r\n                            <\/p>\r\n                        <\/div>\r\n                        <div class=\"testimonial__author\">\r\n                            Ma\u0142gorzata\r\n                        <\/div>\r\n\r\n                    <\/div>\r\n\r\n                                    \r\n                    <div class=\"swiper-slide testimonial\">\r\n                        <div class=\"testimonial__content\">\r\n                            <p>\r\n                                Restauracja: Byli\u015bmy (jako go\u015bcie) na spotkaniu po komunii dziecka.\r\nBardzo przyjemne miejsce, naprawd\u0119 dobre jedzenie i niesamowicie profesjonalna obs\u0142uga.\r\n\r\nNaprawd\u0119 polecam z perspektywy go\u015bcia.\r\n                            <\/p>\r\n                        <\/div>\r\n                        <div class=\"testimonial__author\">\r\n                            \u0141ukasz\r\n                        <\/div>\r\n\r\n                    <\/div>\r\n\r\n                                    \r\n                    <div class=\"swiper-slide testimonial\">\r\n                        <div class=\"testimonial__content\">\r\n                            <p>\r\n                                Pi\u0119kna sala i ogr\u00f3d.\r\nW\u0142a\u015bciciel bez problemu zgodzi\u0142 si\u0119 na wprowadzenie zewn\u0119trznej firmy dekoratorskiej.\r\n\u015awietni kucharze przygotowali doskonale jedzenie.\r\nZorganizowali\u015bmy mi\u0119dzynarodowe przyj\u0119cie weselne &#8211; personel stan\u0105\u0142 na wysoko\u015bci zadania.\r\nGospodarze przyj\u0119cia i go\u015bcie zachwyceni.\r\nPolecamy!!!\r\n\r\n\r\n                            <\/p>\r\n                        <\/div>\r\n                        <div class=\"testimonial__author\">\r\n                            Agnieszka\r\n                        <\/div>\r\n\r\n                    <\/div>\r\n\r\n                                    \r\n                    <div class=\"swiper-slide testimonial\">\r\n                        <div class=\"testimonial__content\">\r\n                            <p>\r\n                                Mieli\u015bmy zaszczyt wyprawia\u0107 przyj\u0119cie komunijne naszej c\u00f3rki. Sala bardzo \u0142adnie przystrojona, obs\u0142uga ca\u0142y czas dba\u0142a o nasz komfort. Jedzenie by\u0142o wy\u015bmienite. Do dyspozycji dzieci by\u0142 ca\u0142y ogr\u00f3d, w kt\u00f3rym mog\u0142y si\u0119 wyszale\u0107. Szczeg\u00f3lnie przypad\u0142a nam do gustu zupa- Krem z bia\u0142ych warzyw. Bardzo polecamy to miejsce!\r\n\r\n\r\n                            <\/p>\r\n                        <\/div>\r\n                        <div class=\"testimonial__author\">\r\n                            Fabian\r\n                        <\/div>\r\n\r\n                    <\/div>\r\n\r\n                                <\/div>\r\n\r\n            \r\n        <\/div>\r\n    <\/div>\r\n<\/div>\n\n\n<div class=\"wp-block-group alignfull has-light-gray-background-color has-background is-layout-flow wp-block-group-is-layout-flow\">\n<div class=\"wp-block-columns are-vertically-aligned-center is-layout-flex wp-container-core-columns-layout-1 wp-block-columns-is-layout-flex\">\n<div class=\"wp-block-column is-vertically-aligned-center is-layout-flow wp-block-column-is-layout-flow\" style=\"flex-basis:66.66%\">\n<p class=\"has-accent-color has-text-color\">Form<\/p>\n\n\n\n<h2 class=\"wp-block-heading\">Use the form<\/h2>\n<\/div>\n\n\n\n<div class=\"wp-block-column is-vertically-aligned-center is-layout-flow wp-block-column-is-layout-flow\" style=\"flex-basis:33.33%\">\n<div class=\"wp-block-buttons is-layout-flex wp-block-buttons-is-layout-flex\">\n<div class=\"wp-block-button is-style-outline\"><a class=\"wp-block-button__link has-accent-color has-text-color no-border-radius\" href=\"tel:(+48) 58 341 67 85\"><strong>(+48) 58 341 67 85<\/strong><\/a><\/div>\n<\/div>\n<\/div>\n<\/div>\n\n\n\n<div class=\"wp-block-contact-form-7-contact-form-selector\">\n<div class=\"wpcf7 no-js\" id=\"wpcf7-f1621-o1\" lang=\"pl-PL\" dir=\"ltr\">\n<div class=\"screen-reader-response\"><p role=\"status\" aria-live=\"polite\" aria-atomic=\"true\"><\/p> <ul><\/ul><\/div>\n<form action=\"\/en\/wp-json\/wp\/v2\/pages\/1569#wpcf7-f1621-o1\" method=\"post\" class=\"wpcf7-form init\" aria-label=\"Formularz kontaktowy\" novalidate=\"novalidate\" data-status=\"init\">\n<div style=\"display: none;\">\n<input type=\"hidden\" name=\"_wpcf7\" value=\"1621\" \/>\n<input type=\"hidden\" name=\"_wpcf7_version\" value=\"5.9.4\" \/>\n<input type=\"hidden\" name=\"_wpcf7_locale\" value=\"pl_PL\" \/>\n<input type=\"hidden\" name=\"_wpcf7_unit_tag\" value=\"wpcf7-f1621-o1\" \/>\n<input type=\"hidden\" name=\"_wpcf7_container_post\" value=\"0\" \/>\n<input type=\"hidden\" name=\"_wpcf7_posted_data_hash\" value=\"\" \/>\n<input type=\"hidden\" name=\"_wpcf7_recaptcha_response\" value=\"\" \/>\n<\/div>\n<div class=\"wp-block-columns\">\n\t<div class=\"wp-block-column\">\n\t\t<p><label> Name * <span class=\"wpcf7-form-control-wrap\" data-name=\"your-name\"><input size=\"40\" class=\"wpcf7-form-control wpcf7-text wpcf7-validates-as-required\" aria-required=\"true\" aria-invalid=\"false\" value=\"\" type=\"text\" name=\"your-name\" \/><\/span> <\/label>\n\t\t<\/p>\n\t<\/div>\n\t<div class=\"wp-block-column\">\n\t\t<p><label> Lastname <span class=\"wpcf7-form-control-wrap\" data-name=\"your-lastname\"><input size=\"40\" class=\"wpcf7-form-control wpcf7-text\" aria-invalid=\"false\" value=\"\" type=\"text\" name=\"your-lastname\" \/><\/span> <\/label>\n\t\t<\/p>\n\t<\/div>\n<\/div>\n<div class=\"wp-block-columns\">\n\t<div class=\"wp-block-column\">\n\t\t<p><label> E-mail address * <span class=\"wpcf7-form-control-wrap\" data-name=\"your-email\"><input size=\"40\" class=\"wpcf7-form-control wpcf7-email wpcf7-validates-as-required wpcf7-text wpcf7-validates-as-email\" aria-required=\"true\" aria-invalid=\"false\" value=\"\" type=\"email\" name=\"your-email\" \/><\/span> <\/label>\n\t\t<\/p>\n\t<\/div>\n\t<div class=\"wp-block-column\">\n\t\t<p><label> Telephone number<span class=\"wpcf7-form-control-wrap\" data-name=\"your-tel\"><input size=\"40\" class=\"wpcf7-form-control wpcf7-tel wpcf7-text wpcf7-validates-as-tel\" aria-invalid=\"false\" value=\"\" type=\"tel\" name=\"your-tel\" \/><\/span><\/label>\n\t\t<\/p>\n\t<\/div>\n<\/div>\n<div class=\"wp-block-columns\">\n\t<div class=\"wp-block-column\">\n\t\t<p><label> Number of people<span class=\"wpcf7-form-control-wrap\" data-name=\"your-guests\"><input size=\"40\" class=\"wpcf7-form-control wpcf7-text\" aria-invalid=\"false\" value=\"\" type=\"text\" name=\"your-guests\" \/><\/span> <\/label>\n\t\t<\/p>\n\t<\/div>\n\t<div class=\"wp-block-column\">\n\t\t<p><label> Date <span class=\"wpcf7-form-control-wrap\" data-name=\"your-date\"><input class=\"wpcf7-form-control wpcf7-date wpcf7-validates-as-date\" aria-invalid=\"false\" value=\"\" type=\"date\" name=\"your-date\" \/><\/span><\/label>\n\t\t<\/p>\n\t<\/div>\n<\/div>\n<div class=\"wp-block-columns\">\n\t<div class=\"wp-block-column\">\n\t\t<p><label> Content of the message<span class=\"wpcf7-form-control-wrap\" data-name=\"your-message\"><textarea cols=\"40\" rows=\"10\" class=\"wpcf7-form-control wpcf7-textarea\" aria-invalid=\"false\" name=\"your-message\"><\/textarea><\/span> <\/label>\n\t\t<\/p>\n\t<\/div>\n<\/div>\n<div class=\"wp-block-columns\">\n\t<div class=\"wp-block-column\" style=\"flex-basis: 70%\">\n\t\t<p><br \/>\n<span class=\"wpcf7-form-control-wrap\" data-name=\"acceptance\"><span class=\"wpcf7-form-control wpcf7-acceptance\"><span class=\"wpcf7-list-item\"><label><input type=\"checkbox\" name=\"acceptance\" value=\"1\" aria-invalid=\"false\" \/><span class=\"wpcf7-list-item-label\">I consent to the processing of my personal data as set out in the <a href=\"https:\/\/villaeva.pl\/en\/privacy-policy\/\" target=\"_blank\">privacy policy<\/a>.<\/span><\/label><\/span><\/span><\/span>\n\t\t<\/p>\n\t<\/div>\n\t<div class=\"wp-block-column\" style=\"flex-basis: 33.33%\">\n\t\t<p><input class=\"wpcf7-form-control wpcf7-submit has-spinner\" type=\"submit\" value=\"Send\" \/>\n\t\t<\/p>\n\t<\/div>\n<\/div>\n<span class=\"wpcf7-form-control-wrap your-page\" data-name=\"your-page\"><input type=\"hidden\" name=\"your-page\" id=\"\" class=\"wpcf7-form-control wpcf7-hidden wpcf7dtx wpcf7dtx-hidden\" aria-invalid=\"false\" value=\"Parties\" \/><\/span><input type='hidden' class='wpcf7-pum' value='{\"closepopup\":false,\"closedelay\":0,\"openpopup\":false,\"openpopup_id\":0}' \/><div class=\"wpcf7-response-output\" aria-hidden=\"true\"><\/div>\n<\/form>\n<\/div>\n<\/div>\n<\/div>\n","protected":false},"excerpt":{"rendered":"<p>Party at Villa Eva Unforgettable moments with your loved ones The hotel, restaurant and wine bar, surrounded by the Tri-City Landscape Park and flower garden create a dream place to organize a party in Gdansk. The exquisite cuisine from our award-winning restaurant, a wide range of wines and spirits and the unparalleled elegance and class &hellip; <a href=\"https:\/\/villaeva.pl\/en\/parties\/\">Continued<\/a><\/p>\n","protected":false},"author":3,"featured_media":594,"parent":0,"menu_order":0,"comment_status":"closed","ping_status":"closed","template":"","meta":{"_acf_changed":false,"footnotes":""},"acf":[],"yoast_head":"<!-- This site is optimized with the Yoast SEO plugin v22.6 - https:\/\/yoast.com\/wordpress\/plugins\/seo\/ -->\n<title>Parties - Villa Eva<\/title>\n<meta name=\"robots\" content=\"index, follow, max-snippet:-1, max-image-preview:large, max-video-preview:-1\" \/>\n<link rel=\"canonical\" href=\"https:\/\/villaeva.pl\/en\/parties\/\" \/>\n<meta property=\"og:locale\" content=\"en_US\" \/>\n<meta property=\"og:type\" content=\"article\" \/>\n<meta property=\"og:title\" content=\"Parties - Villa Eva\" \/>\n<meta property=\"og:description\" content=\"Party at Villa Eva Unforgettable moments with your loved ones The hotel, restaurant and wine bar, surrounded by the Tri-City Landscape Park and flower garden create a dream place to organize a party in Gdansk. The exquisite cuisine from our award-winning restaurant, a wide range of wines and spirits and the unparalleled elegance and class &hellip; Continued\" \/>\n<meta property=\"og:url\" content=\"https:\/\/villaeva.pl\/en\/parties\/\" \/>\n<meta property=\"og:site_name\" content=\"Villa Eva\" \/>\n<meta property=\"article:modified_time\" content=\"2021-07-27T09:50:48+00:00\" \/>\n<meta property=\"og:image\" content=\"https:\/\/villaeva.pl\/wp-content\/uploads\/2021\/02\/Przyjecia-okolicznosciowe-6.jpg\" \/>\n\t<meta property=\"og:image:width\" content=\"1920\" \/>\n\t<meta property=\"og:image:height\" content=\"1268\" \/>\n\t<meta property=\"og:image:type\" content=\"image\/jpeg\" \/>\n<meta name=\"twitter:card\" content=\"summary_large_image\" \/>\n<meta name=\"twitter:label1\" content=\"Est. reading time\" \/>\n\t<meta name=\"twitter:data1\" content=\"2 minutes\" \/>\n<script type=\"application\/ld+json\" class=\"yoast-schema-graph\">{\"@context\":\"https:\/\/schema.org\",\"@graph\":[{\"@type\":\"WebPage\",\"@id\":\"https:\/\/villaeva.pl\/en\/parties\/\",\"url\":\"https:\/\/villaeva.pl\/en\/parties\/\",\"name\":\"Parties - Villa Eva\",\"isPartOf\":{\"@id\":\"https:\/\/villaeva.pl\/#website\"},\"primaryImageOfPage\":{\"@id\":\"https:\/\/villaeva.pl\/en\/parties\/#primaryimage\"},\"image\":{\"@id\":\"https:\/\/villaeva.pl\/en\/parties\/#primaryimage\"},\"thumbnailUrl\":\"https:\/\/villaeva.pl\/wp-content\/uploads\/2021\/02\/Przyjecia-okolicznosciowe-6.jpg\",\"datePublished\":\"2021-07-16T10:51:36+00:00\",\"dateModified\":\"2021-07-27T09:50:48+00:00\",\"breadcrumb\":{\"@id\":\"https:\/\/villaeva.pl\/en\/parties\/#breadcrumb\"},\"inLanguage\":\"en-US\",\"potentialAction\":[{\"@type\":\"ReadAction\",\"target\":[\"https:\/\/villaeva.pl\/en\/parties\/\"]}]},{\"@type\":\"ImageObject\",\"inLanguage\":\"en-US\",\"@id\":\"https:\/\/villaeva.pl\/en\/parties\/#primaryimage\",\"url\":\"https:\/\/villaeva.pl\/wp-content\/uploads\/2021\/02\/Przyjecia-okolicznosciowe-6.jpg\",\"contentUrl\":\"https:\/\/villaeva.pl\/wp-content\/uploads\/2021\/02\/Przyjecia-okolicznosciowe-6.jpg\",\"width\":1920,\"height\":1268},{\"@type\":\"BreadcrumbList\",\"@id\":\"https:\/\/villaeva.pl\/en\/parties\/#breadcrumb\",\"itemListElement\":[{\"@type\":\"ListItem\",\"position\":1,\"name\":\"Strona g\u0142\u00f3wna\",\"item\":\"https:\/\/villaeva.pl\/en\/\"},{\"@type\":\"ListItem\",\"position\":2,\"name\":\"Parties\"}]},{\"@type\":\"WebSite\",\"@id\":\"https:\/\/villaeva.pl\/#website\",\"url\":\"https:\/\/villaeva.pl\/\",\"name\":\"Villa Eva\",\"description\":\"Villa i Restauracja\",\"potentialAction\":[{\"@type\":\"SearchAction\",\"target\":{\"@type\":\"EntryPoint\",\"urlTemplate\":\"https:\/\/villaeva.pl\/?s={search_term_string}\"},\"query-input\":\"required name=search_term_string\"}],\"inLanguage\":\"en-US\"}]}<\/script>\n<!-- \/ Yoast SEO plugin. -->","yoast_head_json":{"title":"Parties - Villa Eva","robots":{"index":"index","follow":"follow","max-snippet":"max-snippet:-1","max-image-preview":"max-image-preview:large","max-video-preview":"max-video-preview:-1"},"canonical":"https:\/\/villaeva.pl\/en\/parties\/","og_locale":"en_US","og_type":"article","og_title":"Parties - Villa Eva","og_description":"Party at Villa Eva Unforgettable moments with your loved ones The hotel, restaurant and wine bar, surrounded by the Tri-City Landscape Park and flower garden create a dream place to organize a party in Gdansk. The exquisite cuisine from our award-winning restaurant, a wide range of wines and spirits and the unparalleled elegance and class &hellip; Continued","og_url":"https:\/\/villaeva.pl\/en\/parties\/","og_site_name":"Villa Eva","article_modified_time":"2021-07-27T09:50:48+00:00","og_image":[{"width":1920,"height":1268,"url":"https:\/\/villaeva.pl\/wp-content\/uploads\/2021\/02\/Przyjecia-okolicznosciowe-6.jpg","type":"image\/jpeg"}],"twitter_card":"summary_large_image","twitter_misc":{"Est. reading time":"2 minutes"},"schema":{"@context":"https:\/\/schema.org","@graph":[{"@type":"WebPage","@id":"https:\/\/villaeva.pl\/en\/parties\/","url":"https:\/\/villaeva.pl\/en\/parties\/","name":"Parties - Villa Eva","isPartOf":{"@id":"https:\/\/villaeva.pl\/#website"},"primaryImageOfPage":{"@id":"https:\/\/villaeva.pl\/en\/parties\/#primaryimage"},"image":{"@id":"https:\/\/villaeva.pl\/en\/parties\/#primaryimage"},"thumbnailUrl":"https:\/\/villaeva.pl\/wp-content\/uploads\/2021\/02\/Przyjecia-okolicznosciowe-6.jpg","datePublished":"2021-07-16T10:51:36+00:00","dateModified":"2021-07-27T09:50:48+00:00","breadcrumb":{"@id":"https:\/\/villaeva.pl\/en\/parties\/#breadcrumb"},"inLanguage":"en-US","potentialAction":[{"@type":"ReadAction","target":["https:\/\/villaeva.pl\/en\/parties\/"]}]},{"@type":"ImageObject","inLanguage":"en-US","@id":"https:\/\/villaeva.pl\/en\/parties\/#primaryimage","url":"https:\/\/villaeva.pl\/wp-content\/uploads\/2021\/02\/Przyjecia-okolicznosciowe-6.jpg","contentUrl":"https:\/\/villaeva.pl\/wp-content\/uploads\/2021\/02\/Przyjecia-okolicznosciowe-6.jpg","width":1920,"height":1268},{"@type":"BreadcrumbList","@id":"https:\/\/villaeva.pl\/en\/parties\/#breadcrumb","itemListElement":[{"@type":"ListItem","position":1,"name":"Strona g\u0142\u00f3wna","item":"https:\/\/villaeva.pl\/en\/"},{"@type":"ListItem","position":2,"name":"Parties"}]},{"@type":"WebSite","@id":"https:\/\/villaeva.pl\/#website","url":"https:\/\/villaeva.pl\/","name":"Villa Eva","description":"Villa i Restauracja","potentialAction":[{"@type":"SearchAction","target":{"@type":"EntryPoint","urlTemplate":"https:\/\/villaeva.pl\/?s={search_term_string}"},"query-input":"required name=search_term_string"}],"inLanguage":"en-US"}]}},"_links":{"self":[{"href":"https:\/\/villaeva.pl\/en\/wp-json\/wp\/v2\/pages\/1569"}],"collection":[{"href":"https:\/\/villaeva.pl\/en\/wp-json\/wp\/v2\/pages"}],"about":[{"href":"https:\/\/villaeva.pl\/en\/wp-json\/wp\/v2\/types\/page"}],"author":[{"embeddable":true,"href":"https:\/\/villaeva.pl\/en\/wp-json\/wp\/v2\/users\/3"}],"replies":[{"embeddable":true,"href":"https:\/\/villaeva.pl\/en\/wp-json\/wp\/v2\/comments?post=1569"}],"version-history":[{"count":5,"href":"https:\/\/villaeva.pl\/en\/wp-json\/wp\/v2\/pages\/1569\/revisions"}],"predecessor-version":[{"id":1706,"href":"https:\/\/villaeva.pl\/en\/wp-json\/wp\/v2\/pages\/1569\/revisions\/1706"}],"wp:featuredmedia":[{"embeddable":true,"href":"https:\/\/villaeva.pl\/en\/wp-json\/wp\/v2\/media\/594"}],"wp:attachment":[{"href":"https:\/\/villaeva.pl\/en\/wp-json\/wp\/v2\/media?parent=1569"}],"curies":[{"name":"wp","href":"https:\/\/api.w.org\/{rel}","templated":true}]}}