{"id":1556,"date":"2021-07-16T11:29:47","date_gmt":"2021-07-16T09:29:47","guid":{"rendered":"https:\/\/villaeva.pl\/?page_id=1556"},"modified":"2021-07-16T13:53:31","modified_gmt":"2021-07-16T11:53:31","slug":"imprezy-plenerowe","status":"publish","type":"page","link":"https:\/\/villaeva.pl\/en\/imprezy-plenerowe\/","title":{"rendered":"Outdoor events"},"content":{"rendered":"<div data-block_6037a27ae85fe class=\"ve-header alignfull\" style=\"background-image: url(https:\/\/villaeva.pl\/wp-content\/uploads\/2021\/02\/O-nas-1.jpg)\">\r\n    <div class=\"ve-header__overlay\">\r\n\r\n        <div class=\"breadcrumbs\">\r\n            <a href=\"https:\/\/villaeva.pl\/en\/\">Villa Eva<\/a>\r\n\r\n            \r\n            \r\n            \/ <a href=\"https:\/\/villaeva.pl\/en\/imprezy-plenerowe\/\">Outdoor events<\/a>\r\n        <\/div>\r\n\r\n        <h1><\/h1>\r\n    <\/div>\r\n<\/div>\n\n\n<div class=\"wp-block-group alignfull\"><div class=\"wp-block-group__inner-container is-layout-flow wp-block-group-is-layout-flow\">\n<div class=\"wp-block-media-text alignfull has-media-on-the-right is-stacked-on-mobile is-vertically-aligned-center is-image-fill\" style=\"grid-template-columns:auto 38%\"><figure class=\"wp-block-media-text__media\" style=\"background-image:url(https:\/\/villaeva.pl\/wp-content\/uploads\/2021\/02\/O-nas-1-993x1024.jpg);background-position:42% 86%\"><img loading=\"lazy\" decoding=\"async\" width=\"993\" height=\"1024\" src=\"https:\/\/villaeva.pl\/wp-content\/uploads\/2021\/02\/O-nas-1-993x1024.jpg\" alt=\"\" class=\"wp-image-541 size-full\" srcset=\"https:\/\/villaeva.pl\/wp-content\/uploads\/2021\/02\/O-nas-1-993x1024.jpg 993w, https:\/\/villaeva.pl\/wp-content\/uploads\/2021\/02\/O-nas-1-291x300.jpg 291w, https:\/\/villaeva.pl\/wp-content\/uploads\/2021\/02\/O-nas-1-768x792.jpg 768w, https:\/\/villaeva.pl\/wp-content\/uploads\/2021\/02\/O-nas-1-1489x1536.jpg 1489w, https:\/\/villaeva.pl\/wp-content\/uploads\/2021\/02\/O-nas-1-600x619.jpg 600w, https:\/\/villaeva.pl\/wp-content\/uploads\/2021\/02\/O-nas-1-100x103.jpg 100w, https:\/\/villaeva.pl\/wp-content\/uploads\/2021\/02\/O-nas-1.jpg 1861w\" sizes=\"(max-width: 993px) 100vw, 993px\" \/><\/figure><div class=\"wp-block-media-text__content\">\n<p class=\"has-accent-color has-text-color\">Garden<\/p>\n\n\n\n<h2 class=\"wp-block-heading\"><strong>Green space in the city<\/strong><\/h2>\n\n\n\n<p>The flower garden of Villa Eva is located on the edge of the Tri-City Landscape Park. It can comfortably accommodate up to 100 people.<\/p>\n\n\n\n<p>This location is ideal for outdoor events, picnics and tastings.<br>The garden is equipped with:<\/p>\n\n\n\n<ul><li>A 100 <sup>m2<\/sup> garden shelter with a fireplace<\/li><li>Music stage<\/li><li>Garden furniture and parasols<\/li><li>Comfortable garden armchairs<\/li><\/ul>\n\n\n\n<p>The garden space can easily be combined with a banquet hall for 120 people.<\/p>\n\n\n\n<p>Feel free to contact us! We organize each event individually in order to adjust to the expectations of our guests.<\/p>\n<\/div><\/div>\n<\/div><\/div>\n\n\n\n<div class=\"wp-block-group alignfull has-light-gray-background-color has-background\"><div class=\"wp-block-group__inner-container is-layout-flow wp-block-group-is-layout-flow\">\n<div class=\"wp-block-columns are-vertically-aligned-center is-layout-flex wp-container-core-columns-layout-1 wp-block-columns-is-layout-flex\">\n<div class=\"wp-block-column is-vertically-aligned-center is-layout-flow wp-block-column-is-layout-flow\" style=\"flex-basis:66.66%\">\n<p class=\"has-accent-color has-text-color\">Form<\/p>\n\n\n\n<h2 class=\"wp-block-heading\">Use the form<\/h2>\n<\/div>\n\n\n\n<div class=\"wp-block-column is-vertically-aligned-center is-layout-flow wp-block-column-is-layout-flow\" style=\"flex-basis:33.33%\"><\/div>\n<\/div>\n\n\n\n<div class=\"wp-block-contact-form-7-contact-form-selector\">\n<div class=\"wpcf7 no-js\" id=\"wpcf7-f418-o1\" lang=\"pl-PL\" dir=\"ltr\">\n<div class=\"screen-reader-response\"><p role=\"status\" aria-live=\"polite\" aria-atomic=\"true\"><\/p> <ul><\/ul><\/div>\n<form action=\"\/en\/wp-json\/wp\/v2\/pages\/1556#wpcf7-f418-o1\" method=\"post\" class=\"wpcf7-form init\" aria-label=\"Formularz kontaktowy\" novalidate=\"novalidate\" data-status=\"init\">\n<div style=\"display: none;\">\n<input type=\"hidden\" name=\"_wpcf7\" value=\"418\" \/>\n<input type=\"hidden\" name=\"_wpcf7_version\" value=\"5.9.4\" \/>\n<input type=\"hidden\" name=\"_wpcf7_locale\" value=\"pl_PL\" \/>\n<input type=\"hidden\" name=\"_wpcf7_unit_tag\" value=\"wpcf7-f418-o1\" \/>\n<input type=\"hidden\" name=\"_wpcf7_container_post\" value=\"0\" \/>\n<input type=\"hidden\" name=\"_wpcf7_posted_data_hash\" value=\"\" \/>\n<input type=\"hidden\" name=\"_wpcf7_recaptcha_response\" value=\"\" \/>\n<\/div>\n<div class=\"wp-block-columns\">\n\t<div class=\"wp-block-column\">\n\t\t<p><label> Imi\u0119 * <span class=\"wpcf7-form-control-wrap\" data-name=\"your-name\"><input size=\"40\" class=\"wpcf7-form-control wpcf7-text wpcf7-validates-as-required\" aria-required=\"true\" aria-invalid=\"false\" value=\"\" type=\"text\" name=\"your-name\" \/><\/span> <\/label>\n\t\t<\/p>\n\t<\/div>\n\t<div class=\"wp-block-column\">\n\t\t<p><label> Nazwisko <span class=\"wpcf7-form-control-wrap\" data-name=\"your-lastname\"><input size=\"40\" class=\"wpcf7-form-control wpcf7-text\" aria-invalid=\"false\" value=\"\" type=\"text\" name=\"your-lastname\" \/><\/span> <\/label>\n\t\t<\/p>\n\t<\/div>\n<\/div>\n<div class=\"wp-block-columns\">\n\t<div class=\"wp-block-column\">\n\t\t<p><label> Adres e-mail * <span class=\"wpcf7-form-control-wrap\" data-name=\"your-email\"><input size=\"40\" class=\"wpcf7-form-control wpcf7-email wpcf7-validates-as-required wpcf7-text wpcf7-validates-as-email\" aria-required=\"true\" aria-invalid=\"false\" value=\"\" type=\"email\" name=\"your-email\" \/><\/span> <\/label>\n\t\t<\/p>\n\t<\/div>\n\t<div class=\"wp-block-column\">\n\t\t<p><label> Numer telefonu <span class=\"wpcf7-form-control-wrap\" data-name=\"your-tel\"><input size=\"40\" class=\"wpcf7-form-control wpcf7-tel wpcf7-text wpcf7-validates-as-tel\" aria-invalid=\"false\" value=\"\" type=\"tel\" name=\"your-tel\" \/><\/span><\/label>\n\t\t<\/p>\n\t<\/div>\n<\/div>\n<div class=\"wp-block-columns\">\n\t<div class=\"wp-block-column\">\n\t\t<p><label> Liczba os\u00f3b <span class=\"wpcf7-form-control-wrap\" data-name=\"your-guests\"><input size=\"40\" class=\"wpcf7-form-control wpcf7-text\" aria-invalid=\"false\" value=\"\" type=\"text\" name=\"your-guests\" \/><\/span> <\/label>\n\t\t<\/p>\n\t<\/div>\n\t<div class=\"wp-block-column\">\n\t\t<p><label> Data <span class=\"wpcf7-form-control-wrap\" data-name=\"your-date\"><input class=\"wpcf7-form-control wpcf7-date wpcf7-validates-as-date\" aria-invalid=\"false\" value=\"\" type=\"date\" name=\"your-date\" \/><\/span><\/label>\n\t\t<\/p>\n\t<\/div>\n<\/div>\n<div class=\"wp-block-columns\">\n\t<div class=\"wp-block-column\">\n\t\t<p><label> Tre\u015b\u0107 wiadomo\u015bci <span class=\"wpcf7-form-control-wrap\" data-name=\"your-message\"><textarea cols=\"40\" rows=\"10\" class=\"wpcf7-form-control wpcf7-textarea\" aria-invalid=\"false\" name=\"your-message\"><\/textarea><\/span> <\/label>\n\t\t<\/p>\n\t<\/div>\n<\/div>\n<div class=\"wp-block-columns\">\n\t<div class=\"wp-block-column\" style=\"flex-basis: 70%\">\n\t\t<p><br \/>\n<span class=\"wpcf7-form-control-wrap\" data-name=\"acceptance\"><span class=\"wpcf7-form-control wpcf7-acceptance\"><span class=\"wpcf7-list-item\"><label><input type=\"checkbox\" name=\"acceptance\" value=\"1\" aria-invalid=\"false\" \/><span class=\"wpcf7-list-item-label\">Wyra\u017cam zgod\u0119 na przetwarzanie danych osobowych zgodnie z informacjami zawartymi w <a href=\"https:\/\/villaeva.pl\/polityka-prywatnosci\/\" target=\"_blank\">polityce prywatno\u015bci<\/a>.<\/span><\/label><\/span><\/span><\/span>\n\t\t<\/p>\n\t<\/div>\n\t<div class=\"wp-block-column\" style=\"flex-basis: 33.33%\">\n\t\t<p><input class=\"wpcf7-form-control wpcf7-submit has-spinner\" type=\"submit\" value=\"Wy\u015blij wiadomo\u015b\u0107\" \/>\n\t\t<\/p>\n\t<\/div>\n<\/div>\n<span class=\"wpcf7-form-control-wrap your-page\" data-name=\"your-page\"><input type=\"hidden\" name=\"your-page\" id=\"\" class=\"wpcf7-form-control wpcf7-hidden wpcf7dtx wpcf7dtx-hidden\" aria-invalid=\"false\" value=\"Outdoor events\" \/><\/span><input type='hidden' class='wpcf7-pum' value='{\"closepopup\":false,\"closedelay\":0,\"openpopup\":false,\"openpopup_id\":0}' \/><div class=\"wpcf7-response-output\" aria-hidden=\"true\"><\/div>\n<\/form>\n<\/div>\n<\/div>\n<\/div><\/div>\n","protected":false},"excerpt":{"rendered":"<p>Garden Green space in the city The flower garden of Villa Eva is located on the edge of the Tri-City Landscape Park. It can comfortably accommodate up to 100 people. This location is ideal for outdoor events, picnics and tastings.The garden is equipped with: A 100 m2 garden shelter with a fireplace Music stage Garden &hellip; <a href=\"https:\/\/villaeva.pl\/en\/imprezy-plenerowe\/\">Continued<\/a><\/p>\n","protected":false},"author":3,"featured_media":541,"parent":0,"menu_order":0,"comment_status":"closed","ping_status":"closed","template":"","meta":{"_acf_changed":false,"footnotes":""},"acf":[],"yoast_head":"<!-- This site is optimized with the Yoast SEO plugin v22.6 - https:\/\/yoast.com\/wordpress\/plugins\/seo\/ -->\n<title>Outdoor events - Villa Eva<\/title>\n<meta name=\"robots\" content=\"index, follow, max-snippet:-1, max-image-preview:large, max-video-preview:-1\" \/>\n<link rel=\"canonical\" href=\"https:\/\/villaeva.pl\/en\/imprezy-plenerowe\/\" \/>\n<meta property=\"og:locale\" content=\"en_US\" \/>\n<meta property=\"og:type\" content=\"article\" \/>\n<meta property=\"og:title\" content=\"Outdoor events - Villa Eva\" \/>\n<meta property=\"og:description\" content=\"Garden Green space in the city The flower garden of Villa Eva is located on the edge of the Tri-City Landscape Park. It can comfortably accommodate up to 100 people. This location is ideal for outdoor events, picnics and tastings.The garden is equipped with: A 100 m2 garden shelter with a fireplace Music stage Garden &hellip; Continued\" \/>\n<meta property=\"og:url\" content=\"https:\/\/villaeva.pl\/en\/imprezy-plenerowe\/\" \/>\n<meta property=\"og:site_name\" content=\"Villa Eva\" \/>\n<meta property=\"article:modified_time\" content=\"2021-07-16T11:53:31+00:00\" \/>\n<meta property=\"og:image\" content=\"https:\/\/villaeva.pl\/wp-content\/uploads\/2021\/02\/O-nas-1.jpg\" \/>\n\t<meta property=\"og:image:width\" content=\"1861\" \/>\n\t<meta property=\"og:image:height\" content=\"1920\" \/>\n\t<meta property=\"og:image:type\" content=\"image\/jpeg\" \/>\n<meta name=\"twitter:card\" content=\"summary_large_image\" \/>\n<meta name=\"twitter:label1\" content=\"Est. reading time\" \/>\n\t<meta name=\"twitter:data1\" content=\"1 minute\" \/>\n<script type=\"application\/ld+json\" class=\"yoast-schema-graph\">{\"@context\":\"https:\/\/schema.org\",\"@graph\":[{\"@type\":\"WebPage\",\"@id\":\"https:\/\/villaeva.pl\/en\/imprezy-plenerowe\/\",\"url\":\"https:\/\/villaeva.pl\/en\/imprezy-plenerowe\/\",\"name\":\"Outdoor events - Villa Eva\",\"isPartOf\":{\"@id\":\"https:\/\/villaeva.pl\/#website\"},\"primaryImageOfPage\":{\"@id\":\"https:\/\/villaeva.pl\/en\/imprezy-plenerowe\/#primaryimage\"},\"image\":{\"@id\":\"https:\/\/villaeva.pl\/en\/imprezy-plenerowe\/#primaryimage\"},\"thumbnailUrl\":\"https:\/\/villaeva.pl\/wp-content\/uploads\/2021\/02\/O-nas-1.jpg\",\"datePublished\":\"2021-07-16T09:29:47+00:00\",\"dateModified\":\"2021-07-16T11:53:31+00:00\",\"breadcrumb\":{\"@id\":\"https:\/\/villaeva.pl\/en\/imprezy-plenerowe\/#breadcrumb\"},\"inLanguage\":\"en-US\",\"potentialAction\":[{\"@type\":\"ReadAction\",\"target\":[\"https:\/\/villaeva.pl\/en\/imprezy-plenerowe\/\"]}]},{\"@type\":\"ImageObject\",\"inLanguage\":\"en-US\",\"@id\":\"https:\/\/villaeva.pl\/en\/imprezy-plenerowe\/#primaryimage\",\"url\":\"https:\/\/villaeva.pl\/wp-content\/uploads\/2021\/02\/O-nas-1.jpg\",\"contentUrl\":\"https:\/\/villaeva.pl\/wp-content\/uploads\/2021\/02\/O-nas-1.jpg\",\"width\":1861,\"height\":1920},{\"@type\":\"BreadcrumbList\",\"@id\":\"https:\/\/villaeva.pl\/en\/imprezy-plenerowe\/#breadcrumb\",\"itemListElement\":[{\"@type\":\"ListItem\",\"position\":1,\"name\":\"Strona g\u0142\u00f3wna\",\"item\":\"https:\/\/villaeva.pl\/en\/\"},{\"@type\":\"ListItem\",\"position\":2,\"name\":\"Outdoor events\"}]},{\"@type\":\"WebSite\",\"@id\":\"https:\/\/villaeva.pl\/#website\",\"url\":\"https:\/\/villaeva.pl\/\",\"name\":\"Villa Eva\",\"description\":\"Villa i Restauracja\",\"potentialAction\":[{\"@type\":\"SearchAction\",\"target\":{\"@type\":\"EntryPoint\",\"urlTemplate\":\"https:\/\/villaeva.pl\/?s={search_term_string}\"},\"query-input\":\"required name=search_term_string\"}],\"inLanguage\":\"en-US\"}]}<\/script>\n<!-- \/ Yoast SEO plugin. -->","yoast_head_json":{"title":"Outdoor events - Villa Eva","robots":{"index":"index","follow":"follow","max-snippet":"max-snippet:-1","max-image-preview":"max-image-preview:large","max-video-preview":"max-video-preview:-1"},"canonical":"https:\/\/villaeva.pl\/en\/imprezy-plenerowe\/","og_locale":"en_US","og_type":"article","og_title":"Outdoor events - Villa Eva","og_description":"Garden Green space in the city The flower garden of Villa Eva is located on the edge of the Tri-City Landscape Park. It can comfortably accommodate up to 100 people. This location is ideal for outdoor events, picnics and tastings.The garden is equipped with: A 100 m2 garden shelter with a fireplace Music stage Garden &hellip; Continued","og_url":"https:\/\/villaeva.pl\/en\/imprezy-plenerowe\/","og_site_name":"Villa Eva","article_modified_time":"2021-07-16T11:53:31+00:00","og_image":[{"width":1861,"height":1920,"url":"https:\/\/villaeva.pl\/wp-content\/uploads\/2021\/02\/O-nas-1.jpg","type":"image\/jpeg"}],"twitter_card":"summary_large_image","twitter_misc":{"Est. reading time":"1 minute"},"schema":{"@context":"https:\/\/schema.org","@graph":[{"@type":"WebPage","@id":"https:\/\/villaeva.pl\/en\/imprezy-plenerowe\/","url":"https:\/\/villaeva.pl\/en\/imprezy-plenerowe\/","name":"Outdoor events - Villa Eva","isPartOf":{"@id":"https:\/\/villaeva.pl\/#website"},"primaryImageOfPage":{"@id":"https:\/\/villaeva.pl\/en\/imprezy-plenerowe\/#primaryimage"},"image":{"@id":"https:\/\/villaeva.pl\/en\/imprezy-plenerowe\/#primaryimage"},"thumbnailUrl":"https:\/\/villaeva.pl\/wp-content\/uploads\/2021\/02\/O-nas-1.jpg","datePublished":"2021-07-16T09:29:47+00:00","dateModified":"2021-07-16T11:53:31+00:00","breadcrumb":{"@id":"https:\/\/villaeva.pl\/en\/imprezy-plenerowe\/#breadcrumb"},"inLanguage":"en-US","potentialAction":[{"@type":"ReadAction","target":["https:\/\/villaeva.pl\/en\/imprezy-plenerowe\/"]}]},{"@type":"ImageObject","inLanguage":"en-US","@id":"https:\/\/villaeva.pl\/en\/imprezy-plenerowe\/#primaryimage","url":"https:\/\/villaeva.pl\/wp-content\/uploads\/2021\/02\/O-nas-1.jpg","contentUrl":"https:\/\/villaeva.pl\/wp-content\/uploads\/2021\/02\/O-nas-1.jpg","width":1861,"height":1920},{"@type":"BreadcrumbList","@id":"https:\/\/villaeva.pl\/en\/imprezy-plenerowe\/#breadcrumb","itemListElement":[{"@type":"ListItem","position":1,"name":"Strona g\u0142\u00f3wna","item":"https:\/\/villaeva.pl\/en\/"},{"@type":"ListItem","position":2,"name":"Outdoor events"}]},{"@type":"WebSite","@id":"https:\/\/villaeva.pl\/#website","url":"https:\/\/villaeva.pl\/","name":"Villa Eva","description":"Villa i Restauracja","potentialAction":[{"@type":"SearchAction","target":{"@type":"EntryPoint","urlTemplate":"https:\/\/villaeva.pl\/?s={search_term_string}"},"query-input":"required name=search_term_string"}],"inLanguage":"en-US"}]}},"_links":{"self":[{"href":"https:\/\/villaeva.pl\/en\/wp-json\/wp\/v2\/pages\/1556"}],"collection":[{"href":"https:\/\/villaeva.pl\/en\/wp-json\/wp\/v2\/pages"}],"about":[{"href":"https:\/\/villaeva.pl\/en\/wp-json\/wp\/v2\/types\/page"}],"author":[{"embeddable":true,"href":"https:\/\/villaeva.pl\/en\/wp-json\/wp\/v2\/users\/3"}],"replies":[{"embeddable":true,"href":"https:\/\/villaeva.pl\/en\/wp-json\/wp\/v2\/comments?post=1556"}],"version-history":[{"count":3,"href":"https:\/\/villaeva.pl\/en\/wp-json\/wp\/v2\/pages\/1556\/revisions"}],"predecessor-version":[{"id":1579,"href":"https:\/\/villaeva.pl\/en\/wp-json\/wp\/v2\/pages\/1556\/revisions\/1579"}],"wp:featuredmedia":[{"embeddable":true,"href":"https:\/\/villaeva.pl\/en\/wp-json\/wp\/v2\/media\/541"}],"wp:attachment":[{"href":"https:\/\/villaeva.pl\/en\/wp-json\/wp\/v2\/media?parent=1556"}],"curies":[{"name":"wp","href":"https:\/\/api.w.org\/{rel}","templated":true}]}}