{"id":1554,"date":"2021-07-16T11:25:17","date_gmt":"2021-07-16T09:25:17","guid":{"rendered":"https:\/\/villaeva.pl\/?page_id=1554"},"modified":"2021-07-16T11:25:17","modified_gmt":"2021-07-16T09:25:17","slug":"communion-party","status":"publish","type":"page","link":"https:\/\/villaeva.pl\/en\/communion-party\/","title":{"rendered":"Communion party"},"content":{"rendered":"<div data-block_6037a27ae85fe class=\"ve-header alignfull\" style=\"background-image: url(https:\/\/villaeva.pl\/wp-content\/uploads\/2021\/02\/Komunia-2.jpg)\">\r\n    <div class=\"ve-header__overlay\">\r\n\r\n        <div class=\"breadcrumbs\">\r\n            <a href=\"https:\/\/villaeva.pl\/en\/\">Villa Eva<\/a>\r\n\r\n            \r\n            \r\n            \/ <a href=\"https:\/\/villaeva.pl\/en\/communion-party\/\">Communion party<\/a>\r\n        <\/div>\r\n\r\n        <h1><\/h1>\r\n    <\/div>\r\n<\/div>\n\n\n<div class=\"wp-block-group alignfull\"><div class=\"wp-block-group__inner-container is-layout-flow wp-block-group-is-layout-flow\">\n<div class=\"wp-block-media-text alignfull has-media-on-the-right is-stacked-on-mobile is-vertically-aligned-center is-image-fill\" style=\"grid-template-columns:auto 38%\"><figure class=\"wp-block-media-text__media\" style=\"background-image:url(https:\/\/villaeva.pl\/wp-content\/uploads\/2021\/02\/Komunia-1-1024x683.jpg);background-position:50% 50%\"><img loading=\"lazy\" decoding=\"async\" width=\"1024\" height=\"683\" src=\"https:\/\/villaeva.pl\/wp-content\/uploads\/2021\/02\/Komunia-1-1024x683.jpg\" alt=\"\" class=\"wp-image-574 size-full\" srcset=\"https:\/\/villaeva.pl\/wp-content\/uploads\/2021\/02\/Komunia-1-1024x683.jpg 1024w, https:\/\/villaeva.pl\/wp-content\/uploads\/2021\/02\/Komunia-1-300x200.jpg 300w, https:\/\/villaeva.pl\/wp-content\/uploads\/2021\/02\/Komunia-1-768x512.jpg 768w, https:\/\/villaeva.pl\/wp-content\/uploads\/2021\/02\/Komunia-1-1536x1024.jpg 1536w, https:\/\/villaeva.pl\/wp-content\/uploads\/2021\/02\/Komunia-1-600x400.jpg 600w, https:\/\/villaeva.pl\/wp-content\/uploads\/2021\/02\/Komunia-1-100x67.jpg 100w, https:\/\/villaeva.pl\/wp-content\/uploads\/2021\/02\/Komunia-1.jpg 1920w\" sizes=\"(max-width: 1024px) 100vw, 1024px\" \/><\/figure><div class=\"wp-block-media-text__content\">\n<p class=\"has-accent-color has-text-color\">Komunia \u015awi\u0119ta<\/p>\n\n\n\n<h2 class=\"wp-block-heading\">Communion party in<br>Villa Eva<\/h2>\n\n\n\n<p>Communion receptions are one of our favourite occasions. We would be happy to help you organize this special day!<\/p>\n\n\n\n<p>We have three banqueting rooms, a spacious garden ideal for children&#8217;s entertainment and a garden shelter where we also hold parties. It is possible to rent the space exclusively or to share it with other guests.<\/p>\n\n\n\n<p>We know how important this day is, therefore each time we individually adjust the menu to the needs and preferences of each family, and we do not use ready-made solutions. Some parties are held in the form of a 4-course dinner (cold starter, soup, main course and dessert), others are extended with a cake and snacks, and others end late in the evening with a dinner. One thing is certain &#8211; the most important thing is that the dishes meet the expectations of the youngest and older guests!<\/p>\n\n\n\n<p>Feel free to contact us, we will be happy to make an appointment with you and talk through the details.<\/p>\n<\/div><\/div>\n<\/div><\/div>\n\n\n\n<div class=\"wp-block-group alignfull has-light-gray-background-color has-background\"><div class=\"wp-block-group__inner-container is-layout-flow wp-block-group-is-layout-flow\">\n<div class=\"wp-block-columns are-vertically-aligned-center is-layout-flex wp-container-core-columns-layout-1 wp-block-columns-is-layout-flex\">\n<div class=\"wp-block-column is-vertically-aligned-center is-layout-flow wp-block-column-is-layout-flow\" style=\"flex-basis:66.66%\">\n<p class=\"has-accent-color has-text-color\">Form<\/p>\n\n\n\n<h2 class=\"wp-block-heading\">Use the form<\/h2>\n<\/div>\n\n\n\n<div class=\"wp-block-column is-vertically-aligned-center is-layout-flow wp-block-column-is-layout-flow\" style=\"flex-basis:33.33%\"><\/div>\n<\/div>\n\n\n\n<div class=\"wp-block-contact-form-7-contact-form-selector\">\n<div class=\"wpcf7 no-js\" id=\"wpcf7-f418-o1\" lang=\"pl-PL\" dir=\"ltr\">\n<div class=\"screen-reader-response\"><p role=\"status\" aria-live=\"polite\" aria-atomic=\"true\"><\/p> <ul><\/ul><\/div>\n<form action=\"\/en\/wp-json\/wp\/v2\/pages\/1554#wpcf7-f418-o1\" method=\"post\" class=\"wpcf7-form init\" aria-label=\"Formularz kontaktowy\" novalidate=\"novalidate\" data-status=\"init\">\n<div style=\"display: none;\">\n<input type=\"hidden\" name=\"_wpcf7\" value=\"418\" \/>\n<input type=\"hidden\" name=\"_wpcf7_version\" value=\"5.9.4\" \/>\n<input type=\"hidden\" name=\"_wpcf7_locale\" value=\"pl_PL\" \/>\n<input type=\"hidden\" name=\"_wpcf7_unit_tag\" value=\"wpcf7-f418-o1\" \/>\n<input type=\"hidden\" name=\"_wpcf7_container_post\" value=\"0\" \/>\n<input type=\"hidden\" name=\"_wpcf7_posted_data_hash\" value=\"\" \/>\n<input type=\"hidden\" name=\"_wpcf7_recaptcha_response\" value=\"\" \/>\n<\/div>\n<div class=\"wp-block-columns\">\n\t<div class=\"wp-block-column\">\n\t\t<p><label> Imi\u0119 * <span class=\"wpcf7-form-control-wrap\" data-name=\"your-name\"><input size=\"40\" class=\"wpcf7-form-control wpcf7-text wpcf7-validates-as-required\" aria-required=\"true\" aria-invalid=\"false\" value=\"\" type=\"text\" name=\"your-name\" \/><\/span> <\/label>\n\t\t<\/p>\n\t<\/div>\n\t<div class=\"wp-block-column\">\n\t\t<p><label> Nazwisko <span class=\"wpcf7-form-control-wrap\" data-name=\"your-lastname\"><input size=\"40\" class=\"wpcf7-form-control wpcf7-text\" aria-invalid=\"false\" value=\"\" type=\"text\" name=\"your-lastname\" \/><\/span> <\/label>\n\t\t<\/p>\n\t<\/div>\n<\/div>\n<div class=\"wp-block-columns\">\n\t<div class=\"wp-block-column\">\n\t\t<p><label> Adres e-mail * <span class=\"wpcf7-form-control-wrap\" data-name=\"your-email\"><input size=\"40\" class=\"wpcf7-form-control wpcf7-email wpcf7-validates-as-required wpcf7-text wpcf7-validates-as-email\" aria-required=\"true\" aria-invalid=\"false\" value=\"\" type=\"email\" name=\"your-email\" \/><\/span> <\/label>\n\t\t<\/p>\n\t<\/div>\n\t<div class=\"wp-block-column\">\n\t\t<p><label> Numer telefonu <span class=\"wpcf7-form-control-wrap\" data-name=\"your-tel\"><input size=\"40\" class=\"wpcf7-form-control wpcf7-tel wpcf7-text wpcf7-validates-as-tel\" aria-invalid=\"false\" value=\"\" type=\"tel\" name=\"your-tel\" \/><\/span><\/label>\n\t\t<\/p>\n\t<\/div>\n<\/div>\n<div class=\"wp-block-columns\">\n\t<div class=\"wp-block-column\">\n\t\t<p><label> Liczba os\u00f3b <span class=\"wpcf7-form-control-wrap\" data-name=\"your-guests\"><input size=\"40\" class=\"wpcf7-form-control wpcf7-text\" aria-invalid=\"false\" value=\"\" type=\"text\" name=\"your-guests\" \/><\/span> <\/label>\n\t\t<\/p>\n\t<\/div>\n\t<div class=\"wp-block-column\">\n\t\t<p><label> Data <span class=\"wpcf7-form-control-wrap\" data-name=\"your-date\"><input class=\"wpcf7-form-control wpcf7-date wpcf7-validates-as-date\" aria-invalid=\"false\" value=\"\" type=\"date\" name=\"your-date\" \/><\/span><\/label>\n\t\t<\/p>\n\t<\/div>\n<\/div>\n<div class=\"wp-block-columns\">\n\t<div class=\"wp-block-column\">\n\t\t<p><label> Tre\u015b\u0107 wiadomo\u015bci <span class=\"wpcf7-form-control-wrap\" data-name=\"your-message\"><textarea cols=\"40\" rows=\"10\" class=\"wpcf7-form-control wpcf7-textarea\" aria-invalid=\"false\" name=\"your-message\"><\/textarea><\/span> <\/label>\n\t\t<\/p>\n\t<\/div>\n<\/div>\n<div class=\"wp-block-columns\">\n\t<div class=\"wp-block-column\" style=\"flex-basis: 70%\">\n\t\t<p><br \/>\n<span class=\"wpcf7-form-control-wrap\" data-name=\"acceptance\"><span class=\"wpcf7-form-control wpcf7-acceptance\"><span class=\"wpcf7-list-item\"><label><input type=\"checkbox\" name=\"acceptance\" value=\"1\" aria-invalid=\"false\" \/><span class=\"wpcf7-list-item-label\">Wyra\u017cam zgod\u0119 na przetwarzanie danych osobowych zgodnie z informacjami zawartymi w <a href=\"https:\/\/villaeva.pl\/polityka-prywatnosci\/\" target=\"_blank\">polityce prywatno\u015bci<\/a>.<\/span><\/label><\/span><\/span><\/span>\n\t\t<\/p>\n\t<\/div>\n\t<div class=\"wp-block-column\" style=\"flex-basis: 33.33%\">\n\t\t<p><input class=\"wpcf7-form-control wpcf7-submit has-spinner\" type=\"submit\" value=\"Wy\u015blij wiadomo\u015b\u0107\" \/>\n\t\t<\/p>\n\t<\/div>\n<\/div>\n<span class=\"wpcf7-form-control-wrap your-page\" data-name=\"your-page\"><input type=\"hidden\" name=\"your-page\" id=\"\" class=\"wpcf7-form-control wpcf7-hidden wpcf7dtx wpcf7dtx-hidden\" aria-invalid=\"false\" value=\"Communion party\" \/><\/span><input type='hidden' class='wpcf7-pum' value='{\"closepopup\":false,\"closedelay\":0,\"openpopup\":false,\"openpopup_id\":0}' \/><div class=\"wpcf7-response-output\" aria-hidden=\"true\"><\/div>\n<\/form>\n<\/div>\n<\/div>\n<\/div><\/div>\n","protected":false},"excerpt":{"rendered":"<p>Komunia \u015awi\u0119ta Communion party inVilla Eva Communion receptions are one of our favourite occasions. We would be happy to help you organize this special day! We have three banqueting rooms, a spacious garden ideal for children&#8217;s entertainment and a garden shelter where we also hold parties. It is possible to rent the space exclusively or &hellip; <a href=\"https:\/\/villaeva.pl\/en\/communion-party\/\">Continued<\/a><\/p>\n","protected":false},"author":3,"featured_media":576,"parent":0,"menu_order":0,"comment_status":"closed","ping_status":"closed","template":"","meta":{"_acf_changed":false,"footnotes":""},"acf":[],"yoast_head":"<!-- This site is optimized with the Yoast SEO plugin v22.6 - https:\/\/yoast.com\/wordpress\/plugins\/seo\/ -->\n<title>Communion party - Villa Eva<\/title>\n<meta name=\"robots\" content=\"index, follow, max-snippet:-1, max-image-preview:large, max-video-preview:-1\" \/>\n<link rel=\"canonical\" href=\"https:\/\/villaeva.pl\/en\/communion-party\/\" \/>\n<meta property=\"og:locale\" content=\"en_US\" \/>\n<meta property=\"og:type\" content=\"article\" \/>\n<meta property=\"og:title\" content=\"Communion party - Villa Eva\" \/>\n<meta property=\"og:description\" content=\"Komunia \u015awi\u0119ta Communion party inVilla Eva Communion receptions are one of our favourite occasions. We would be happy to help you organize this special day! We have three banqueting rooms, a spacious garden ideal for children&#8217;s entertainment and a garden shelter where we also hold parties. It is possible to rent the space exclusively or &hellip; Continued\" \/>\n<meta property=\"og:url\" content=\"https:\/\/villaeva.pl\/en\/communion-party\/\" \/>\n<meta property=\"og:site_name\" content=\"Villa Eva\" \/>\n<meta property=\"og:image\" content=\"https:\/\/villaeva.pl\/wp-content\/uploads\/2021\/02\/Komunia-2.jpg\" \/>\n\t<meta property=\"og:image:width\" content=\"1920\" \/>\n\t<meta property=\"og:image:height\" content=\"1190\" \/>\n\t<meta property=\"og:image:type\" content=\"image\/jpeg\" \/>\n<meta name=\"twitter:card\" content=\"summary_large_image\" \/>\n<meta name=\"twitter:label1\" content=\"Est. reading time\" \/>\n\t<meta name=\"twitter:data1\" content=\"1 minute\" \/>\n<script type=\"application\/ld+json\" class=\"yoast-schema-graph\">{\"@context\":\"https:\/\/schema.org\",\"@graph\":[{\"@type\":\"WebPage\",\"@id\":\"https:\/\/villaeva.pl\/en\/communion-party\/\",\"url\":\"https:\/\/villaeva.pl\/en\/communion-party\/\",\"name\":\"Communion party - Villa Eva\",\"isPartOf\":{\"@id\":\"https:\/\/villaeva.pl\/#website\"},\"primaryImageOfPage\":{\"@id\":\"https:\/\/villaeva.pl\/en\/communion-party\/#primaryimage\"},\"image\":{\"@id\":\"https:\/\/villaeva.pl\/en\/communion-party\/#primaryimage\"},\"thumbnailUrl\":\"https:\/\/villaeva.pl\/wp-content\/uploads\/2021\/02\/Komunia-2.jpg\",\"datePublished\":\"2021-07-16T09:25:17+00:00\",\"dateModified\":\"2021-07-16T09:25:17+00:00\",\"breadcrumb\":{\"@id\":\"https:\/\/villaeva.pl\/en\/communion-party\/#breadcrumb\"},\"inLanguage\":\"en-US\",\"potentialAction\":[{\"@type\":\"ReadAction\",\"target\":[\"https:\/\/villaeva.pl\/en\/communion-party\/\"]}]},{\"@type\":\"ImageObject\",\"inLanguage\":\"en-US\",\"@id\":\"https:\/\/villaeva.pl\/en\/communion-party\/#primaryimage\",\"url\":\"https:\/\/villaeva.pl\/wp-content\/uploads\/2021\/02\/Komunia-2.jpg\",\"contentUrl\":\"https:\/\/villaeva.pl\/wp-content\/uploads\/2021\/02\/Komunia-2.jpg\",\"width\":1920,\"height\":1190},{\"@type\":\"BreadcrumbList\",\"@id\":\"https:\/\/villaeva.pl\/en\/communion-party\/#breadcrumb\",\"itemListElement\":[{\"@type\":\"ListItem\",\"position\":1,\"name\":\"Strona g\u0142\u00f3wna\",\"item\":\"https:\/\/villaeva.pl\/en\/\"},{\"@type\":\"ListItem\",\"position\":2,\"name\":\"Communion party\"}]},{\"@type\":\"WebSite\",\"@id\":\"https:\/\/villaeva.pl\/#website\",\"url\":\"https:\/\/villaeva.pl\/\",\"name\":\"Villa Eva\",\"description\":\"Villa i Restauracja\",\"potentialAction\":[{\"@type\":\"SearchAction\",\"target\":{\"@type\":\"EntryPoint\",\"urlTemplate\":\"https:\/\/villaeva.pl\/?s={search_term_string}\"},\"query-input\":\"required name=search_term_string\"}],\"inLanguage\":\"en-US\"}]}<\/script>\n<!-- \/ Yoast SEO plugin. -->","yoast_head_json":{"title":"Communion party - Villa Eva","robots":{"index":"index","follow":"follow","max-snippet":"max-snippet:-1","max-image-preview":"max-image-preview:large","max-video-preview":"max-video-preview:-1"},"canonical":"https:\/\/villaeva.pl\/en\/communion-party\/","og_locale":"en_US","og_type":"article","og_title":"Communion party - Villa Eva","og_description":"Komunia \u015awi\u0119ta Communion party inVilla Eva Communion receptions are one of our favourite occasions. We would be happy to help you organize this special day! We have three banqueting rooms, a spacious garden ideal for children&#8217;s entertainment and a garden shelter where we also hold parties. It is possible to rent the space exclusively or &hellip; Continued","og_url":"https:\/\/villaeva.pl\/en\/communion-party\/","og_site_name":"Villa Eva","og_image":[{"width":1920,"height":1190,"url":"https:\/\/villaeva.pl\/wp-content\/uploads\/2021\/02\/Komunia-2.jpg","type":"image\/jpeg"}],"twitter_card":"summary_large_image","twitter_misc":{"Est. reading time":"1 minute"},"schema":{"@context":"https:\/\/schema.org","@graph":[{"@type":"WebPage","@id":"https:\/\/villaeva.pl\/en\/communion-party\/","url":"https:\/\/villaeva.pl\/en\/communion-party\/","name":"Communion party - Villa Eva","isPartOf":{"@id":"https:\/\/villaeva.pl\/#website"},"primaryImageOfPage":{"@id":"https:\/\/villaeva.pl\/en\/communion-party\/#primaryimage"},"image":{"@id":"https:\/\/villaeva.pl\/en\/communion-party\/#primaryimage"},"thumbnailUrl":"https:\/\/villaeva.pl\/wp-content\/uploads\/2021\/02\/Komunia-2.jpg","datePublished":"2021-07-16T09:25:17+00:00","dateModified":"2021-07-16T09:25:17+00:00","breadcrumb":{"@id":"https:\/\/villaeva.pl\/en\/communion-party\/#breadcrumb"},"inLanguage":"en-US","potentialAction":[{"@type":"ReadAction","target":["https:\/\/villaeva.pl\/en\/communion-party\/"]}]},{"@type":"ImageObject","inLanguage":"en-US","@id":"https:\/\/villaeva.pl\/en\/communion-party\/#primaryimage","url":"https:\/\/villaeva.pl\/wp-content\/uploads\/2021\/02\/Komunia-2.jpg","contentUrl":"https:\/\/villaeva.pl\/wp-content\/uploads\/2021\/02\/Komunia-2.jpg","width":1920,"height":1190},{"@type":"BreadcrumbList","@id":"https:\/\/villaeva.pl\/en\/communion-party\/#breadcrumb","itemListElement":[{"@type":"ListItem","position":1,"name":"Strona g\u0142\u00f3wna","item":"https:\/\/villaeva.pl\/en\/"},{"@type":"ListItem","position":2,"name":"Communion party"}]},{"@type":"WebSite","@id":"https:\/\/villaeva.pl\/#website","url":"https:\/\/villaeva.pl\/","name":"Villa Eva","description":"Villa i Restauracja","potentialAction":[{"@type":"SearchAction","target":{"@type":"EntryPoint","urlTemplate":"https:\/\/villaeva.pl\/?s={search_term_string}"},"query-input":"required name=search_term_string"}],"inLanguage":"en-US"}]}},"_links":{"self":[{"href":"https:\/\/villaeva.pl\/en\/wp-json\/wp\/v2\/pages\/1554"}],"collection":[{"href":"https:\/\/villaeva.pl\/en\/wp-json\/wp\/v2\/pages"}],"about":[{"href":"https:\/\/villaeva.pl\/en\/wp-json\/wp\/v2\/types\/page"}],"author":[{"embeddable":true,"href":"https:\/\/villaeva.pl\/en\/wp-json\/wp\/v2\/users\/3"}],"replies":[{"embeddable":true,"href":"https:\/\/villaeva.pl\/en\/wp-json\/wp\/v2\/comments?post=1554"}],"version-history":[{"count":1,"href":"https:\/\/villaeva.pl\/en\/wp-json\/wp\/v2\/pages\/1554\/revisions"}],"predecessor-version":[{"id":1555,"href":"https:\/\/villaeva.pl\/en\/wp-json\/wp\/v2\/pages\/1554\/revisions\/1555"}],"wp:featuredmedia":[{"embeddable":true,"href":"https:\/\/villaeva.pl\/en\/wp-json\/wp\/v2\/media\/576"}],"wp:attachment":[{"href":"https:\/\/villaeva.pl\/en\/wp-json\/wp\/v2\/media?parent=1554"}],"curies":[{"name":"wp","href":"https:\/\/api.w.org\/{rel}","templated":true}]}}