{"id":1526,"date":"2021-07-15T16:32:16","date_gmt":"2021-07-15T14:32:16","guid":{"rendered":"https:\/\/villaeva.pl\/?page_id=1526"},"modified":"2021-07-27T12:11:06","modified_gmt":"2021-07-27T10:11:06","slug":"about-us","status":"publish","type":"page","link":"https:\/\/villaeva.pl\/en\/about-us\/","title":{"rendered":"About us"},"content":{"rendered":"<div data-block_603793a970dd9 class=\"ve-header alignfull\" style=\"background-image: url(https:\/\/villaeva.pl\/wp-content\/uploads\/2021\/07\/3T7A1246-copy-scaled.jpg)\">\r\n    <div class=\"ve-header__overlay\">\r\n\r\n        <div class=\"breadcrumbs\">\r\n            <a href=\"https:\/\/villaeva.pl\/en\/\">Villa Eva<\/a>\r\n\r\n            \r\n            \r\n            \/ <a href=\"https:\/\/villaeva.pl\/en\/about-us\/\">About us<\/a>\r\n        <\/div>\r\n\r\n        <h1>Get to know Villa Eva<\/h1>\r\n    <\/div>\r\n<\/div>\n\n\n<div class=\"wp-block-group alignfull is-layout-flow wp-block-group-is-layout-flow\">\n<div class=\"wp-block-media-text alignfull has-media-on-the-right is-stacked-on-mobile is-vertically-aligned-center is-image-fill\" style=\"grid-template-columns:auto 37%\"><figure class=\"wp-block-media-text__media\" style=\"background-image:url(https:\/\/villaeva.pl\/wp-content\/uploads\/2021\/02\/O-nas-3-1024x683.jpg);background-position:50% 50%\"><img loading=\"lazy\" decoding=\"async\" width=\"1024\" height=\"683\" src=\"https:\/\/villaeva.pl\/wp-content\/uploads\/2021\/02\/O-nas-3-1024x683.jpg\" alt=\"\" class=\"wp-image-543 size-full\" srcset=\"https:\/\/villaeva.pl\/wp-content\/uploads\/2021\/02\/O-nas-3-1024x683.jpg 1024w, https:\/\/villaeva.pl\/wp-content\/uploads\/2021\/02\/O-nas-3-300x200.jpg 300w, https:\/\/villaeva.pl\/wp-content\/uploads\/2021\/02\/O-nas-3-768x512.jpg 768w, https:\/\/villaeva.pl\/wp-content\/uploads\/2021\/02\/O-nas-3-1536x1024.jpg 1536w, https:\/\/villaeva.pl\/wp-content\/uploads\/2021\/02\/O-nas-3-600x400.jpg 600w, https:\/\/villaeva.pl\/wp-content\/uploads\/2021\/02\/O-nas-3-100x67.jpg 100w, https:\/\/villaeva.pl\/wp-content\/uploads\/2021\/02\/O-nas-3.jpg 1920w\" sizes=\"(max-width: 1024px) 100vw, 1024px\" \/><\/figure><div class=\"wp-block-media-text__content\">\n<p class=\"has-accent-color has-text-color\">A family place for generations<\/p>\n\n\n\n<h2 class=\"wp-block-heading\"><strong>The beginning of the history of hospitality<\/strong><\/h2>\n\n\n\n<p>The history of our family in the Hospitality business stretches as far back as 1683.One of our ancestors Jerzy Franciszek Kulczycki opened the first cafe in Europe, in Vienna. He was the first to offer guests his epoch-making discovery &#8211; coffee with milk.<br>A trader in oriental goods, who during the siege of Vienna, conveyed a strategic message about the relief of the city from the Ottoman invaders, and thanks to that the city of Vienna did not surrender to the enemy. After the victory by the Europeans, who were led by the Polish king Jan Sobieski the third, Kulczycki was elevated to the status of hero by the grateful citizens of Vienna for his deed. As a reward, he was allowed to choose anything he wanted from the spoils of war from the defeated Turkish camp. Kulczycki decided to take 300 sacks of unusual looking beans that were in reality supplies of coffee, but everyone thought it was camel feed.<\/p>\n\n\n\n<p>Today in Villa Eva, we still keep the old tradition alive, and serve the traditional Kulczycki coffee with milk and honey together with a crescent-shaped cake.<\/p>\n<\/div><\/div>\n<\/div>\n\n\n\n<div class=\"wp-block-media-text alignfull is-stacked-on-mobile is-vertically-aligned-center is-image-fill\"><figure class=\"wp-block-media-text__media\" style=\"background-image:url(https:\/\/villaeva.pl\/wp-content\/uploads\/2021\/02\/O-nas-2-1024x683.jpg);background-position:50% 50%\"><img loading=\"lazy\" decoding=\"async\" width=\"1024\" height=\"683\" src=\"https:\/\/villaeva.pl\/wp-content\/uploads\/2021\/02\/O-nas-2-1024x683.jpg\" alt=\"\" class=\"wp-image-539 size-full\" srcset=\"https:\/\/villaeva.pl\/wp-content\/uploads\/2021\/02\/O-nas-2-1024x683.jpg 1024w, https:\/\/villaeva.pl\/wp-content\/uploads\/2021\/02\/O-nas-2-300x200.jpg 300w, https:\/\/villaeva.pl\/wp-content\/uploads\/2021\/02\/O-nas-2-768x512.jpg 768w, https:\/\/villaeva.pl\/wp-content\/uploads\/2021\/02\/O-nas-2-1536x1024.jpg 1536w, https:\/\/villaeva.pl\/wp-content\/uploads\/2021\/02\/O-nas-2-600x400.jpg 600w, https:\/\/villaeva.pl\/wp-content\/uploads\/2021\/02\/O-nas-2-100x67.jpg 100w, https:\/\/villaeva.pl\/wp-content\/uploads\/2021\/02\/O-nas-2.jpg 1920w\" sizes=\"(max-width: 1024px) 100vw, 1024px\" \/><\/figure><div class=\"wp-block-media-text__content\">\n<p class=\"has-accent-color has-text-color\">An area full of life and steeped in history and culture<\/p>\n\n\n\n<h2 class=\"wp-block-heading\"><strong>Villa Eva in Wrzeszcz, Gdansk<\/strong><\/h2>\n\n\n\n<p>Wrzeszcz is the oldest surviving, pre-war suburb located within the city limits, on the historic route which runs from the Old Town to the outlying districts of Oliwa and Sopot. It is a thriving center of culture, education and entertainment which includes such attractions as: Ku\u017aniczki Park, the Technical University of Gda\u0144sk, the New Synagogue that dates back to 1927 ,the house where the world famous Nobel Prize winner G\u00fcnter Grass resided, in addition to plentiful bars, restaurants and shops, all within easy reach of the hotel .<br>Villa Eva is surrounded by the expansive Tri-City Landscape Park which offers ideal conditions for all types of outdoor activities such as: cycling, jogging, Nordic Walking or just going for a relaxing stroll. The Teatr Le\u015bny forest theatre is just a short walk from the hotel through the peaceful park where many different types of cultural events are held every summer to cater for all tastes.<\/p>\n<\/div><\/div>\n\n\n\n<div class=\"wp-block-group alignfull is-layout-flow wp-block-group-is-layout-flow\">\n<div class=\"wp-block-media-text alignfull has-media-on-the-right is-stacked-on-mobile is-vertically-aligned-center is-image-fill gradient-to-right\" style=\"grid-template-columns:auto 37%\"><figure class=\"wp-block-media-text__media\" style=\"background-image:url(https:\/\/villaeva.pl\/wp-content\/uploads\/2021\/07\/3T7A1332-copy-1024x683.jpg);background-position:71% 73%\"><img loading=\"lazy\" decoding=\"async\" width=\"1024\" height=\"683\" src=\"https:\/\/villaeva.pl\/wp-content\/uploads\/2021\/07\/3T7A1332-copy-1024x683.jpg\" alt=\"\" class=\"wp-image-1391 size-full\" srcset=\"https:\/\/villaeva.pl\/wp-content\/uploads\/2021\/07\/3T7A1332-copy-1024x683.jpg 1024w, https:\/\/villaeva.pl\/wp-content\/uploads\/2021\/07\/3T7A1332-copy-300x200.jpg 300w, https:\/\/villaeva.pl\/wp-content\/uploads\/2021\/07\/3T7A1332-copy-768x512.jpg 768w, https:\/\/villaeva.pl\/wp-content\/uploads\/2021\/07\/3T7A1332-copy-1536x1024.jpg 1536w, https:\/\/villaeva.pl\/wp-content\/uploads\/2021\/07\/3T7A1332-copy-2048x1365.jpg 2048w, https:\/\/villaeva.pl\/wp-content\/uploads\/2021\/07\/3T7A1332-copy-600x400.jpg 600w, https:\/\/villaeva.pl\/wp-content\/uploads\/2021\/07\/3T7A1332-copy-100x67.jpg 100w\" sizes=\"(max-width: 1024px) 100vw, 1024px\" \/><\/figure><div class=\"wp-block-media-text__content\">\n<p class=\"has-accent-color has-text-color\">How Villa Eva came to be?<\/p>\n\n\n\n<h2 class=\"wp-block-heading\"><strong>Our passion<\/strong><\/h2>\n\n\n\n<p>Hotel Villa Eva was established in 1998. Throughout the following years we have grown and developed, a restaurant, wine bar, banquet hall and beautiful garden are some of the facilities that have been added. This labor of love which we started from scratch is an ongoing process which we are planning to continue.<\/p>\n\n\n\n<p>We are most inspired by our guests. The people who visit Villa Eva and appreciate the intimate character and the fact that they are always well taken care of<br>and receive personal attention. We are proud to say that many people who have visited us, often pay a return visit to experience our personal and intimate hospitality, for a second time.<\/p>\n<\/div><\/div>\n<\/div>\n\n\n\n<div class=\"wp-block-media-text alignfull has-media-on-the-right is-stacked-on-mobile is-image-fill has-accent-background-color has-background\"><figure class=\"wp-block-media-text__media\" style=\"background-image:url(https:\/\/villaeva.pl\/wp-content\/uploads\/2021\/02\/villa_eva_garden11.jpg);background-position:50% 50%\"><img loading=\"lazy\" decoding=\"async\" width=\"960\" height=\"427\" src=\"https:\/\/villaeva.pl\/wp-content\/uploads\/2021\/02\/villa_eva_garden11.jpg\" alt=\"\" class=\"wp-image-191 size-full\" srcset=\"https:\/\/villaeva.pl\/wp-content\/uploads\/2021\/02\/villa_eva_garden11.jpg 960w, https:\/\/villaeva.pl\/wp-content\/uploads\/2021\/02\/villa_eva_garden11-300x133.jpg 300w, https:\/\/villaeva.pl\/wp-content\/uploads\/2021\/02\/villa_eva_garden11-768x342.jpg 768w, https:\/\/villaeva.pl\/wp-content\/uploads\/2021\/02\/villa_eva_garden11-600x267.jpg 600w, https:\/\/villaeva.pl\/wp-content\/uploads\/2021\/02\/villa_eva_garden11-100x44.jpg 100w\" sizes=\"(max-width: 960px) 100vw, 960px\" \/><\/figure><div class=\"wp-block-media-text__content\">\n<h2 class=\"has-white-color has-text-color wp-block-heading\"><strong>How about a gift voucher for somebody special?<\/strong><\/h2>\n\n\n\n<p class=\"has-white-color has-text-color\">If you are looking for a gift that will ensure an unforgettable experience and wonderful memories that will last forever, keep reading \u2026<\/p>\n\n\n\n<div class=\"wp-block-buttons is-layout-flex wp-block-buttons-is-layout-flex\">\n<div class=\"wp-block-button is-style-outline mw200\"><a class=\"wp-block-button__link has-white-color has-text-color no-border-radius\" href=\"https:\/\/villaeva.pl\/oferty-i-vouchery\/\">More<\/a><\/div>\n<\/div>\n\n\n\n<p><\/p>\n<\/div><\/div>\n\n\n\n<div class=\"wp-block-group alignfull has-light-gray-background-color has-background is-layout-flow wp-block-group-is-layout-flow\">\n<div class=\"wp-block-columns are-vertically-aligned-center is-layout-flex wp-container-core-columns-layout-1 wp-block-columns-is-layout-flex\">\n<div class=\"wp-block-column is-vertically-aligned-center is-layout-flow wp-block-column-is-layout-flow\" style=\"flex-basis:66.66%\">\n<p class=\"has-accent-color has-text-color\">Form<\/p>\n\n\n\n<h2 class=\"wp-block-heading\">Use the form<\/h2>\n<\/div>\n\n\n\n<div class=\"wp-block-column is-vertically-aligned-center is-layout-flow wp-block-column-is-layout-flow\" style=\"flex-basis:33.33%\"><\/div>\n<\/div>\n\n\n\n<div class=\"wp-block-contact-form-7-contact-form-selector\">\n<div class=\"wpcf7 no-js\" id=\"wpcf7-f1621-o1\" lang=\"pl-PL\" dir=\"ltr\">\n<div class=\"screen-reader-response\"><p role=\"status\" aria-live=\"polite\" aria-atomic=\"true\"><\/p> <ul><\/ul><\/div>\n<form action=\"\/en\/wp-json\/wp\/v2\/pages\/1526#wpcf7-f1621-o1\" method=\"post\" class=\"wpcf7-form init\" aria-label=\"Formularz kontaktowy\" novalidate=\"novalidate\" data-status=\"init\">\n<div style=\"display: none;\">\n<input type=\"hidden\" name=\"_wpcf7\" value=\"1621\" \/>\n<input type=\"hidden\" name=\"_wpcf7_version\" value=\"5.9.4\" \/>\n<input type=\"hidden\" name=\"_wpcf7_locale\" value=\"pl_PL\" \/>\n<input type=\"hidden\" name=\"_wpcf7_unit_tag\" value=\"wpcf7-f1621-o1\" \/>\n<input type=\"hidden\" name=\"_wpcf7_container_post\" value=\"0\" \/>\n<input type=\"hidden\" name=\"_wpcf7_posted_data_hash\" value=\"\" \/>\n<input type=\"hidden\" name=\"_wpcf7_recaptcha_response\" value=\"\" \/>\n<\/div>\n<div class=\"wp-block-columns\">\n\t<div class=\"wp-block-column\">\n\t\t<p><label> Name * <span class=\"wpcf7-form-control-wrap\" data-name=\"your-name\"><input size=\"40\" class=\"wpcf7-form-control wpcf7-text wpcf7-validates-as-required\" aria-required=\"true\" aria-invalid=\"false\" value=\"\" type=\"text\" name=\"your-name\" \/><\/span> <\/label>\n\t\t<\/p>\n\t<\/div>\n\t<div class=\"wp-block-column\">\n\t\t<p><label> Lastname <span class=\"wpcf7-form-control-wrap\" data-name=\"your-lastname\"><input size=\"40\" class=\"wpcf7-form-control wpcf7-text\" aria-invalid=\"false\" value=\"\" type=\"text\" name=\"your-lastname\" \/><\/span> <\/label>\n\t\t<\/p>\n\t<\/div>\n<\/div>\n<div class=\"wp-block-columns\">\n\t<div class=\"wp-block-column\">\n\t\t<p><label> E-mail address * <span class=\"wpcf7-form-control-wrap\" data-name=\"your-email\"><input size=\"40\" class=\"wpcf7-form-control wpcf7-email wpcf7-validates-as-required wpcf7-text wpcf7-validates-as-email\" aria-required=\"true\" aria-invalid=\"false\" value=\"\" type=\"email\" name=\"your-email\" \/><\/span> <\/label>\n\t\t<\/p>\n\t<\/div>\n\t<div class=\"wp-block-column\">\n\t\t<p><label> Telephone number<span class=\"wpcf7-form-control-wrap\" data-name=\"your-tel\"><input size=\"40\" class=\"wpcf7-form-control wpcf7-tel wpcf7-text wpcf7-validates-as-tel\" aria-invalid=\"false\" value=\"\" type=\"tel\" name=\"your-tel\" \/><\/span><\/label>\n\t\t<\/p>\n\t<\/div>\n<\/div>\n<div class=\"wp-block-columns\">\n\t<div class=\"wp-block-column\">\n\t\t<p><label> Number of people<span class=\"wpcf7-form-control-wrap\" data-name=\"your-guests\"><input size=\"40\" class=\"wpcf7-form-control wpcf7-text\" aria-invalid=\"false\" value=\"\" type=\"text\" name=\"your-guests\" \/><\/span> <\/label>\n\t\t<\/p>\n\t<\/div>\n\t<div class=\"wp-block-column\">\n\t\t<p><label> Date <span class=\"wpcf7-form-control-wrap\" data-name=\"your-date\"><input class=\"wpcf7-form-control wpcf7-date wpcf7-validates-as-date\" aria-invalid=\"false\" value=\"\" type=\"date\" name=\"your-date\" \/><\/span><\/label>\n\t\t<\/p>\n\t<\/div>\n<\/div>\n<div class=\"wp-block-columns\">\n\t<div class=\"wp-block-column\">\n\t\t<p><label> Content of the message<span class=\"wpcf7-form-control-wrap\" data-name=\"your-message\"><textarea cols=\"40\" rows=\"10\" class=\"wpcf7-form-control wpcf7-textarea\" aria-invalid=\"false\" name=\"your-message\"><\/textarea><\/span> <\/label>\n\t\t<\/p>\n\t<\/div>\n<\/div>\n<div class=\"wp-block-columns\">\n\t<div class=\"wp-block-column\" style=\"flex-basis: 70%\">\n\t\t<p><br \/>\n<span class=\"wpcf7-form-control-wrap\" data-name=\"acceptance\"><span class=\"wpcf7-form-control wpcf7-acceptance\"><span class=\"wpcf7-list-item\"><label><input type=\"checkbox\" name=\"acceptance\" value=\"1\" aria-invalid=\"false\" \/><span class=\"wpcf7-list-item-label\">I consent to the processing of my personal data as set out in the <a href=\"https:\/\/villaeva.pl\/en\/privacy-policy\/\" target=\"_blank\">privacy policy<\/a>.<\/span><\/label><\/span><\/span><\/span>\n\t\t<\/p>\n\t<\/div>\n\t<div class=\"wp-block-column\" style=\"flex-basis: 33.33%\">\n\t\t<p><input class=\"wpcf7-form-control wpcf7-submit has-spinner\" type=\"submit\" value=\"Send\" \/>\n\t\t<\/p>\n\t<\/div>\n<\/div>\n<span class=\"wpcf7-form-control-wrap your-page\" data-name=\"your-page\"><input type=\"hidden\" name=\"your-page\" id=\"\" class=\"wpcf7-form-control wpcf7-hidden wpcf7dtx wpcf7dtx-hidden\" aria-invalid=\"false\" value=\"About us\" \/><\/span><input type='hidden' class='wpcf7-pum' value='{\"closepopup\":false,\"closedelay\":0,\"openpopup\":false,\"openpopup_id\":0}' \/><div class=\"wpcf7-response-output\" aria-hidden=\"true\"><\/div>\n<\/form>\n<\/div>\n<\/div>\n<\/div>\n","protected":false},"excerpt":{"rendered":"<p>A family place for generations The beginning of the history of hospitality The history of our family in the Hospitality business stretches as far back as 1683.One of our ancestors Jerzy Franciszek Kulczycki opened the first cafe in Europe, in Vienna. He was the first to offer guests his epoch-making discovery &#8211; coffee with milk.A &hellip; <a href=\"https:\/\/villaeva.pl\/en\/about-us\/\">Continued<\/a><\/p>\n","protected":false},"author":3,"featured_media":1393,"parent":0,"menu_order":0,"comment_status":"closed","ping_status":"closed","template":"","meta":{"_acf_changed":false,"footnotes":""},"acf":[],"yoast_head":"<!-- This site is optimized with the Yoast SEO plugin v22.6 - https:\/\/yoast.com\/wordpress\/plugins\/seo\/ -->\n<title>About us - Villa Eva<\/title>\n<meta name=\"robots\" content=\"index, follow, max-snippet:-1, max-image-preview:large, max-video-preview:-1\" \/>\n<link rel=\"canonical\" href=\"https:\/\/villaeva.pl\/en\/about-us\/\" \/>\n<meta property=\"og:locale\" content=\"en_US\" \/>\n<meta property=\"og:type\" content=\"article\" \/>\n<meta property=\"og:title\" content=\"About us - Villa Eva\" \/>\n<meta property=\"og:description\" content=\"A family place for generations The beginning of the history of hospitality The history of our family in the Hospitality business stretches as far back as 1683.One of our ancestors Jerzy Franciszek Kulczycki opened the first cafe in Europe, in Vienna. He was the first to offer guests his epoch-making discovery &#8211; coffee with milk.A &hellip; Continued\" \/>\n<meta property=\"og:url\" content=\"https:\/\/villaeva.pl\/en\/about-us\/\" \/>\n<meta property=\"og:site_name\" content=\"Villa Eva\" \/>\n<meta property=\"article:modified_time\" content=\"2021-07-27T10:11:06+00:00\" \/>\n<meta property=\"og:image\" content=\"https:\/\/villaeva.pl\/wp-content\/uploads\/2021\/07\/3T7A1246-copy-scaled.jpg\" \/>\n\t<meta property=\"og:image:width\" content=\"2560\" \/>\n\t<meta property=\"og:image:height\" content=\"1707\" \/>\n\t<meta property=\"og:image:type\" content=\"image\/jpeg\" \/>\n<meta name=\"twitter:card\" content=\"summary_large_image\" \/>\n<meta name=\"twitter:label1\" content=\"Est. reading time\" \/>\n\t<meta name=\"twitter:data1\" content=\"4 minutes\" \/>\n<script type=\"application\/ld+json\" class=\"yoast-schema-graph\">{\"@context\":\"https:\/\/schema.org\",\"@graph\":[{\"@type\":\"WebPage\",\"@id\":\"https:\/\/villaeva.pl\/en\/about-us\/\",\"url\":\"https:\/\/villaeva.pl\/en\/about-us\/\",\"name\":\"About us - Villa Eva\",\"isPartOf\":{\"@id\":\"https:\/\/villaeva.pl\/#website\"},\"primaryImageOfPage\":{\"@id\":\"https:\/\/villaeva.pl\/en\/about-us\/#primaryimage\"},\"image\":{\"@id\":\"https:\/\/villaeva.pl\/en\/about-us\/#primaryimage\"},\"thumbnailUrl\":\"https:\/\/villaeva.pl\/wp-content\/uploads\/2021\/07\/3T7A1246-copy-scaled.jpg\",\"datePublished\":\"2021-07-15T14:32:16+00:00\",\"dateModified\":\"2021-07-27T10:11:06+00:00\",\"breadcrumb\":{\"@id\":\"https:\/\/villaeva.pl\/en\/about-us\/#breadcrumb\"},\"inLanguage\":\"en-US\",\"potentialAction\":[{\"@type\":\"ReadAction\",\"target\":[\"https:\/\/villaeva.pl\/en\/about-us\/\"]}]},{\"@type\":\"ImageObject\",\"inLanguage\":\"en-US\",\"@id\":\"https:\/\/villaeva.pl\/en\/about-us\/#primaryimage\",\"url\":\"https:\/\/villaeva.pl\/wp-content\/uploads\/2021\/07\/3T7A1246-copy-scaled.jpg\",\"contentUrl\":\"https:\/\/villaeva.pl\/wp-content\/uploads\/2021\/07\/3T7A1246-copy-scaled.jpg\",\"width\":2560,\"height\":1707},{\"@type\":\"BreadcrumbList\",\"@id\":\"https:\/\/villaeva.pl\/en\/about-us\/#breadcrumb\",\"itemListElement\":[{\"@type\":\"ListItem\",\"position\":1,\"name\":\"Strona g\u0142\u00f3wna\",\"item\":\"https:\/\/villaeva.pl\/en\/\"},{\"@type\":\"ListItem\",\"position\":2,\"name\":\"About us\"}]},{\"@type\":\"WebSite\",\"@id\":\"https:\/\/villaeva.pl\/#website\",\"url\":\"https:\/\/villaeva.pl\/\",\"name\":\"Villa Eva\",\"description\":\"Villa i Restauracja\",\"potentialAction\":[{\"@type\":\"SearchAction\",\"target\":{\"@type\":\"EntryPoint\",\"urlTemplate\":\"https:\/\/villaeva.pl\/?s={search_term_string}\"},\"query-input\":\"required name=search_term_string\"}],\"inLanguage\":\"en-US\"}]}<\/script>\n<!-- \/ Yoast SEO plugin. -->","yoast_head_json":{"title":"About us - Villa Eva","robots":{"index":"index","follow":"follow","max-snippet":"max-snippet:-1","max-image-preview":"max-image-preview:large","max-video-preview":"max-video-preview:-1"},"canonical":"https:\/\/villaeva.pl\/en\/about-us\/","og_locale":"en_US","og_type":"article","og_title":"About us - Villa Eva","og_description":"A family place for generations The beginning of the history of hospitality The history of our family in the Hospitality business stretches as far back as 1683.One of our ancestors Jerzy Franciszek Kulczycki opened the first cafe in Europe, in Vienna. He was the first to offer guests his epoch-making discovery &#8211; coffee with milk.A &hellip; Continued","og_url":"https:\/\/villaeva.pl\/en\/about-us\/","og_site_name":"Villa Eva","article_modified_time":"2021-07-27T10:11:06+00:00","og_image":[{"width":2560,"height":1707,"url":"https:\/\/villaeva.pl\/wp-content\/uploads\/2021\/07\/3T7A1246-copy-scaled.jpg","type":"image\/jpeg"}],"twitter_card":"summary_large_image","twitter_misc":{"Est. reading time":"4 minutes"},"schema":{"@context":"https:\/\/schema.org","@graph":[{"@type":"WebPage","@id":"https:\/\/villaeva.pl\/en\/about-us\/","url":"https:\/\/villaeva.pl\/en\/about-us\/","name":"About us - Villa Eva","isPartOf":{"@id":"https:\/\/villaeva.pl\/#website"},"primaryImageOfPage":{"@id":"https:\/\/villaeva.pl\/en\/about-us\/#primaryimage"},"image":{"@id":"https:\/\/villaeva.pl\/en\/about-us\/#primaryimage"},"thumbnailUrl":"https:\/\/villaeva.pl\/wp-content\/uploads\/2021\/07\/3T7A1246-copy-scaled.jpg","datePublished":"2021-07-15T14:32:16+00:00","dateModified":"2021-07-27T10:11:06+00:00","breadcrumb":{"@id":"https:\/\/villaeva.pl\/en\/about-us\/#breadcrumb"},"inLanguage":"en-US","potentialAction":[{"@type":"ReadAction","target":["https:\/\/villaeva.pl\/en\/about-us\/"]}]},{"@type":"ImageObject","inLanguage":"en-US","@id":"https:\/\/villaeva.pl\/en\/about-us\/#primaryimage","url":"https:\/\/villaeva.pl\/wp-content\/uploads\/2021\/07\/3T7A1246-copy-scaled.jpg","contentUrl":"https:\/\/villaeva.pl\/wp-content\/uploads\/2021\/07\/3T7A1246-copy-scaled.jpg","width":2560,"height":1707},{"@type":"BreadcrumbList","@id":"https:\/\/villaeva.pl\/en\/about-us\/#breadcrumb","itemListElement":[{"@type":"ListItem","position":1,"name":"Strona g\u0142\u00f3wna","item":"https:\/\/villaeva.pl\/en\/"},{"@type":"ListItem","position":2,"name":"About us"}]},{"@type":"WebSite","@id":"https:\/\/villaeva.pl\/#website","url":"https:\/\/villaeva.pl\/","name":"Villa Eva","description":"Villa i Restauracja","potentialAction":[{"@type":"SearchAction","target":{"@type":"EntryPoint","urlTemplate":"https:\/\/villaeva.pl\/?s={search_term_string}"},"query-input":"required name=search_term_string"}],"inLanguage":"en-US"}]}},"_links":{"self":[{"href":"https:\/\/villaeva.pl\/en\/wp-json\/wp\/v2\/pages\/1526"}],"collection":[{"href":"https:\/\/villaeva.pl\/en\/wp-json\/wp\/v2\/pages"}],"about":[{"href":"https:\/\/villaeva.pl\/en\/wp-json\/wp\/v2\/types\/page"}],"author":[{"embeddable":true,"href":"https:\/\/villaeva.pl\/en\/wp-json\/wp\/v2\/users\/3"}],"replies":[{"embeddable":true,"href":"https:\/\/villaeva.pl\/en\/wp-json\/wp\/v2\/comments?post=1526"}],"version-history":[{"count":5,"href":"https:\/\/villaeva.pl\/en\/wp-json\/wp\/v2\/pages\/1526\/revisions"}],"predecessor-version":[{"id":1718,"href":"https:\/\/villaeva.pl\/en\/wp-json\/wp\/v2\/pages\/1526\/revisions\/1718"}],"wp:featuredmedia":[{"embeddable":true,"href":"https:\/\/villaeva.pl\/en\/wp-json\/wp\/v2\/media\/1393"}],"wp:attachment":[{"href":"https:\/\/villaeva.pl\/en\/wp-json\/wp\/v2\/media?parent=1526"}],"curies":[{"name":"wp","href":"https:\/\/api.w.org\/{rel}","templated":true}]}}