{"id":1084,"date":"2021-02-13T14:14:51","date_gmt":"2021-02-13T13:14:51","guid":{"rendered":"https:\/\/villaeva.pl\/polityka-prywatnosci\/"},"modified":"2021-03-09T16:47:28","modified_gmt":"2021-03-09T15:47:28","slug":"privacy-policy","status":"publish","type":"page","link":"https:\/\/villaeva.pl\/en\/privacy-policy\/","title":{"rendered":"Privacy policy"},"content":{"rendered":"<div data-block_603f49e8804cb class=\"ve-header alignfull\" style=\"background-image: url(https:\/\/villaeva.pl\/wp-content\/uploads\/2021\/02\/hero.jpg)\">\r\n    <div class=\"ve-header__overlay\">\r\n\r\n        <div class=\"breadcrumbs\">\r\n            <a href=\"https:\/\/villaeva.pl\/en\/\">Villa Eva<\/a>\r\n\r\n            \r\n            \r\n            \/ <a href=\"https:\/\/villaeva.pl\/en\/privacy-policy\/\">Privacy policy<\/a>\r\n        <\/div>\r\n\r\n        <h1>Privacy policy<\/h1>\r\n    <\/div>\r\n<\/div>\n\n\n<div class=\"wp-block-group\"><div class=\"wp-block-group__inner-container is-layout-flow wp-block-group-is-layout-flow\">\n<h2 class=\"wp-block-heading\">Kim jeste\u015bmy<\/h2>\n\n\n\n<p>Adres naszej strony internetowej to: https:\/\/villaeva.pl.<\/p>\n\n\n\n<h2 class=\"wp-block-heading\">Jakie dane osobiste zbieramy i dlaczego je zbieramy<\/h2>\n\n\n\n<h3 class=\"wp-block-heading\">Komentarze<\/h3>\n\n\n\n<p>Kiedy odwiedzaj\u0105cy witryn\u0119 zostawia komentarz, zbieramy dane widoczne w formularzu komentowania, jak i adres IP odwiedzaj\u0105cego oraz podpis jego przegl\u0105darki jako pomoc przy wykrywaniu spamu.<\/p>\n\n\n\n<p>Zanonimizowany ci\u0105g znak\u00f3w stworzony na podstawie twojego adresu email (tak zwany hash) mo\u017ce zosta\u0107 przes\u0142any do us\u0142ugi Gravatar w celu sprawdzenia czy jej u\u017cywasz. Polityka prywatno\u015bci us\u0142ugi Gravatar jest dost\u0119pna tutaj: https:\/\/automattic.com\/privacy\/. Po zatwierdzeniu komentarza tw\u00f3j obrazek profilowy jest widoczny publicznie w kontek\u015bcie twojego komentarza.<\/p>\n\n\n\n<h3 class=\"wp-block-heading\">Media<\/h3>\n\n\n\n<p>Je\u015bli jeste\u015b zarejestrowanym u\u017cytkownikiem i wgrywasz na witryn\u0119 obrazki, powiniene\u015b unika\u0107 przesy\u0142ania obrazk\u00f3w z tagami EXIF lokalizacji. Odwiedzaj\u0105cy stron\u0119 mog\u0105 pobra\u0107 i odczyta\u0107 pe\u0142ne dane lokalizacyjne z obrazk\u00f3w w witrynie.<\/p>\n\n\n\n<h3 class=\"wp-block-heading\">Formularze kontaktowe<\/h3>\n\n\n\n<h3 class=\"wp-block-heading\">Ciasteczka<\/h3>\n\n\n\n<p>Je\u015bli zostawisz na naszej witrynie komentarz, b\u0119dziesz m\u00f3g\u0142 wybra\u0107 opcj\u0119 zapisu twojej nazwy, adresu email i adresu strony internetowej w ciasteczkach, dzi\u0119ki kt\u00f3rym podczas pisania kolejnych komentarzy powy\u017csze informacje b\u0119d\u0105 ju\u017c dogodnie uzupe\u0142nione. Te ciasteczka wygasaj\u0105 po roku.<\/p>\n\n\n\n<p>Je\u015bli odwiedzisz stron\u0119 logowania, utworzymy tymczasowe ciasteczko na potrzeby sprawdzenia czy twoja przegl\u0105darka akceptuje ciasteczka. To ciasteczko nie zawiera \u017cadnych danych osobistych i zostanie wyrzucone, kiedy zamkniesz przegl\u0105dark\u0119.<\/p>\n\n\n\n<p>Podczas logowania tworzymy dodatkowo kilka ciasteczek potrzebnych do zapisu twoich informacji logowania oraz wybranych opcji ekranu. Ciasteczka logowania wygasaj\u0105 po dw\u00f3ch dniach, a opcji ekranu po roku. Je\u015bli zaznaczysz opcj\u0119 \u201ePami\u0119taj mnie\u201d, logowanie wyga\u015bnie po dw\u00f3ch tygodniach. Je\u015bli wylogujesz si\u0119 ze swojego konta, ciasteczka logowania zostan\u0105 usuni\u0119te.<\/p>\n\n\n\n<p>Je\u015bli zmodyfikujesz albo opublikujesz artyku\u0142, w twojej przegl\u0105darce zostanie zapisane dodatkowe ciasteczko. To ciasteczko nie zawiera \u017cadnych danych osobistych, wskazuj\u0105c po prostu na identyfikator przed chwil\u0105 edytowanego artyku\u0142u. Wygasa ono po 1 dniu.<\/p>\n\n\n\n<h3 class=\"wp-block-heading\">Osadzone tre\u015bci z innych witryn<\/h3>\n\n\n\n<p>Artyku\u0142y na tej witrynie mog\u0105 zawiera\u0107 osadzone tre\u015bci (np. filmy, obrazki, artyku\u0142y itp.). Osadzone tre\u015bci z innych witryn zachowuj\u0105 si\u0119 analogicznie do tego, jakby u\u017cytkownik odwiedzi\u0142 bezpo\u015brednio konkretn\u0105 witryn\u0119.<\/p>\n\n\n\n<p>Witryny mog\u0105 zbiera\u0107 informacje o tobie, u\u017cywa\u0107 ciasteczek, do\u0142\u0105cza\u0107 dodatkowe, zewn\u0119trzne systemy \u015bledzenia i monitorowa\u0107 twoje interakcje z osadzonym materia\u0142em, w\u0142\u0105czaj\u0105c w to \u015bledzenie twoich interakcji z osadzonym materia\u0142em je\u015bli posiadasz konto i jeste\u015b zalogowany w tamtej witrynie.<\/p>\n\n\n\n<h3 class=\"wp-block-heading\">Analiza statystyk<\/h3>\n\n\n\n<h2 class=\"wp-block-heading\">Z kim dzielimy si\u0119 danymi<\/h2>\n\n\n\n<h2 class=\"wp-block-heading\">Jak d\u0142ugo przechowujemy twoje dane<\/h2>\n\n\n\n<p>Je\u015bli zostawisz komentarz, jego tre\u015b\u0107 i metadane b\u0119d\u0105 przechowywane przez czas nieokre\u015blony. Dzi\u0119ki temu jeste\u015bmy w stanie rozpoznawa\u0107 i zatwierdza\u0107 kolejne komentarze automatycznie, bez wysy\u0142ania ich do ka\u017cdorazowej moderacji.<\/p>\n\n\n\n<p>Dla u\u017cytkownik\u00f3w kt\u00f3rzy zarejestrowali si\u0119 na naszej stronie internetowej (je\u015bli tacy s\u0105), przechowujemy r\u00f3wnie\u017c informacje osobiste wprowadzone w profilu. Ka\u017cdy u\u017cytkownik mo\u017ce dokona\u0107 wgl\u0105du, korekty albo skasowa\u0107 swoje informacje osobiste w dowolnej chwili (nie licz\u0105c nazwy u\u017cytkownika, kt\u00f3rej nie mo\u017cna zmieni\u0107). Administratorzy strony r\u00f3wnie\u017c mog\u0105 przegl\u0105da\u0107 i modyfikowa\u0107 te informacje.<\/p>\n\n\n\n<h2 class=\"wp-block-heading\">Jakie masz prawa do swoich danych<\/h2>\n\n\n\n<p>Je\u015bli masz konto u\u017cytkownika albo doda\u0142e\u015b komentarze w tej witrynie, mo\u017cesz za\u017c\u0105da\u0107 dostarczenia pliku z wyeksportowanym kompletem twoich danych osobistych b\u0119d\u0105cych w naszym posiadaniu, w tym ca\u0142o\u015b\u0107 tych dostarczonych przez ciebie. Mo\u017cesz r\u00f3wnie\u017c za\u017c\u0105da\u0107 usuni\u0119cia przez nas ca\u0142o\u015bci twoich danych osobistych w naszym posiadaniu. Nie dotyczy to \u017cadnych danych kt\u00f3re jeste\u015bmy zobligowani zachowa\u0107 ze wzgl\u0119d\u00f3w administracyjnych, prawnych albo bezpiecze\u0144stwa.<\/p>\n\n\n\n<h2 class=\"wp-block-heading\">Gdzie przesy\u0142amy dane<\/h2>\n\n\n\n<p>Komentarze go\u015bci mog\u0105 by\u0107 sprawdzane za pomoc\u0105 automatycznej us\u0142ugi wykrywania spamu.<\/p>\n\n\n\n<h2 class=\"wp-block-heading\">Twoje dane kontaktowe<\/h2>\n\n\n\n<h2 class=\"wp-block-heading\">Informacje dodatkowe<\/h2>\n\n\n\n<h3 class=\"wp-block-heading\">Jak chronimy twoje dane?<\/h3>\n\n\n\n<h3 class=\"wp-block-heading\">Jakie mamy obowi\u0105zuj\u0105ce procedury w przypadku naruszenia prywatno\u015bci danych<\/h3>\n\n\n\n<h3 class=\"wp-block-heading\">Od jakich stron trzecich otrzymujemy dane<\/h3>\n\n\n\n<h3 class=\"wp-block-heading\">Jakie automatyczne podejmowanie decyzji i\/lub tworzenie profili przeprowadzamy z u\u017cyciem danych u\u017cytkownika<\/h3>\n\n\n\n<h3 class=\"wp-block-heading\">Bran\u017cowe wymogi regulacyjne dotycz\u0105ce ujawniania informacji<\/h3>\n<\/div><\/div>\n","protected":false},"excerpt":{"rendered":"<p>Kim jeste\u015bmy Adres naszej strony internetowej to: https:\/\/villaeva.pl. Jakie dane osobiste zbieramy i dlaczego je zbieramy Komentarze Kiedy odwiedzaj\u0105cy witryn\u0119 zostawia komentarz, zbieramy dane widoczne w formularzu komentowania, jak i adres IP odwiedzaj\u0105cego oraz podpis jego przegl\u0105darki jako pomoc przy wykrywaniu spamu. Zanonimizowany ci\u0105g znak\u00f3w stworzony na podstawie twojego adresu email (tak zwany hash) mo\u017ce &hellip; <a href=\"https:\/\/villaeva.pl\/en\/privacy-policy\/\">Continued<\/a><\/p>\n","protected":false},"author":3,"featured_media":119,"parent":0,"menu_order":0,"comment_status":"closed","ping_status":"open","template":"","meta":{"_acf_changed":false,"footnotes":""},"acf":[],"yoast_head":"<!-- This site is optimized with the Yoast SEO plugin v22.6 - https:\/\/yoast.com\/wordpress\/plugins\/seo\/ -->\n<title>Privacy policy - Villa Eva<\/title>\n<meta name=\"robots\" content=\"index, follow, max-snippet:-1, max-image-preview:large, max-video-preview:-1\" \/>\n<link rel=\"canonical\" href=\"https:\/\/villaeva.pl\/en\/privacy-policy\/\" \/>\n<meta property=\"og:locale\" content=\"en_US\" \/>\n<meta property=\"og:type\" content=\"article\" \/>\n<meta property=\"og:title\" content=\"Privacy policy - Villa Eva\" \/>\n<meta property=\"og:description\" content=\"Kim jeste\u015bmy Adres naszej strony internetowej to: https:\/\/villaeva.pl. Jakie dane osobiste zbieramy i dlaczego je zbieramy Komentarze Kiedy odwiedzaj\u0105cy witryn\u0119 zostawia komentarz, zbieramy dane widoczne w formularzu komentowania, jak i adres IP odwiedzaj\u0105cego oraz podpis jego przegl\u0105darki jako pomoc przy wykrywaniu spamu. Zanonimizowany ci\u0105g znak\u00f3w stworzony na podstawie twojego adresu email (tak zwany hash) mo\u017ce &hellip; Continued\" \/>\n<meta property=\"og:url\" content=\"https:\/\/villaeva.pl\/en\/privacy-policy\/\" \/>\n<meta property=\"og:site_name\" content=\"Villa Eva\" \/>\n<meta property=\"article:modified_time\" content=\"2021-03-09T15:47:28+00:00\" \/>\n<meta property=\"og:image\" content=\"https:\/\/villaeva.pl\/wp-content\/uploads\/2021\/02\/hero.jpg\" \/>\n\t<meta property=\"og:image:width\" content=\"1920\" \/>\n\t<meta property=\"og:image:height\" content=\"1079\" \/>\n\t<meta property=\"og:image:type\" content=\"image\/jpeg\" \/>\n<meta name=\"twitter:card\" content=\"summary_large_image\" \/>\n<meta name=\"twitter:label1\" content=\"Est. reading time\" \/>\n\t<meta name=\"twitter:data1\" content=\"3 minutes\" \/>\n<script type=\"application\/ld+json\" class=\"yoast-schema-graph\">{\"@context\":\"https:\/\/schema.org\",\"@graph\":[{\"@type\":\"WebPage\",\"@id\":\"https:\/\/villaeva.pl\/en\/privacy-policy\/\",\"url\":\"https:\/\/villaeva.pl\/en\/privacy-policy\/\",\"name\":\"Privacy policy - Villa Eva\",\"isPartOf\":{\"@id\":\"https:\/\/villaeva.pl\/#website\"},\"primaryImageOfPage\":{\"@id\":\"https:\/\/villaeva.pl\/en\/privacy-policy\/#primaryimage\"},\"image\":{\"@id\":\"https:\/\/villaeva.pl\/en\/privacy-policy\/#primaryimage\"},\"thumbnailUrl\":\"https:\/\/villaeva.pl\/wp-content\/uploads\/2021\/02\/hero.jpg\",\"datePublished\":\"2021-02-13T13:14:51+00:00\",\"dateModified\":\"2021-03-09T15:47:28+00:00\",\"breadcrumb\":{\"@id\":\"https:\/\/villaeva.pl\/en\/privacy-policy\/#breadcrumb\"},\"inLanguage\":\"en-US\",\"potentialAction\":[{\"@type\":\"ReadAction\",\"target\":[\"https:\/\/villaeva.pl\/en\/privacy-policy\/\"]}]},{\"@type\":\"ImageObject\",\"inLanguage\":\"en-US\",\"@id\":\"https:\/\/villaeva.pl\/en\/privacy-policy\/#primaryimage\",\"url\":\"https:\/\/villaeva.pl\/wp-content\/uploads\/2021\/02\/hero.jpg\",\"contentUrl\":\"https:\/\/villaeva.pl\/wp-content\/uploads\/2021\/02\/hero.jpg\",\"width\":1920,\"height\":1079},{\"@type\":\"BreadcrumbList\",\"@id\":\"https:\/\/villaeva.pl\/en\/privacy-policy\/#breadcrumb\",\"itemListElement\":[{\"@type\":\"ListItem\",\"position\":1,\"name\":\"Strona g\u0142\u00f3wna\",\"item\":\"https:\/\/villaeva.pl\/en\/\"},{\"@type\":\"ListItem\",\"position\":2,\"name\":\"Privacy policy\"}]},{\"@type\":\"WebSite\",\"@id\":\"https:\/\/villaeva.pl\/#website\",\"url\":\"https:\/\/villaeva.pl\/\",\"name\":\"Villa Eva\",\"description\":\"Villa i Restauracja\",\"potentialAction\":[{\"@type\":\"SearchAction\",\"target\":{\"@type\":\"EntryPoint\",\"urlTemplate\":\"https:\/\/villaeva.pl\/?s={search_term_string}\"},\"query-input\":\"required name=search_term_string\"}],\"inLanguage\":\"en-US\"}]}<\/script>\n<!-- \/ Yoast SEO plugin. -->","yoast_head_json":{"title":"Privacy policy - Villa Eva","robots":{"index":"index","follow":"follow","max-snippet":"max-snippet:-1","max-image-preview":"max-image-preview:large","max-video-preview":"max-video-preview:-1"},"canonical":"https:\/\/villaeva.pl\/en\/privacy-policy\/","og_locale":"en_US","og_type":"article","og_title":"Privacy policy - Villa Eva","og_description":"Kim jeste\u015bmy Adres naszej strony internetowej to: https:\/\/villaeva.pl. Jakie dane osobiste zbieramy i dlaczego je zbieramy Komentarze Kiedy odwiedzaj\u0105cy witryn\u0119 zostawia komentarz, zbieramy dane widoczne w formularzu komentowania, jak i adres IP odwiedzaj\u0105cego oraz podpis jego przegl\u0105darki jako pomoc przy wykrywaniu spamu. Zanonimizowany ci\u0105g znak\u00f3w stworzony na podstawie twojego adresu email (tak zwany hash) mo\u017ce &hellip; Continued","og_url":"https:\/\/villaeva.pl\/en\/privacy-policy\/","og_site_name":"Villa Eva","article_modified_time":"2021-03-09T15:47:28+00:00","og_image":[{"width":1920,"height":1079,"url":"https:\/\/villaeva.pl\/wp-content\/uploads\/2021\/02\/hero.jpg","type":"image\/jpeg"}],"twitter_card":"summary_large_image","twitter_misc":{"Est. reading time":"3 minutes"},"schema":{"@context":"https:\/\/schema.org","@graph":[{"@type":"WebPage","@id":"https:\/\/villaeva.pl\/en\/privacy-policy\/","url":"https:\/\/villaeva.pl\/en\/privacy-policy\/","name":"Privacy policy - Villa Eva","isPartOf":{"@id":"https:\/\/villaeva.pl\/#website"},"primaryImageOfPage":{"@id":"https:\/\/villaeva.pl\/en\/privacy-policy\/#primaryimage"},"image":{"@id":"https:\/\/villaeva.pl\/en\/privacy-policy\/#primaryimage"},"thumbnailUrl":"https:\/\/villaeva.pl\/wp-content\/uploads\/2021\/02\/hero.jpg","datePublished":"2021-02-13T13:14:51+00:00","dateModified":"2021-03-09T15:47:28+00:00","breadcrumb":{"@id":"https:\/\/villaeva.pl\/en\/privacy-policy\/#breadcrumb"},"inLanguage":"en-US","potentialAction":[{"@type":"ReadAction","target":["https:\/\/villaeva.pl\/en\/privacy-policy\/"]}]},{"@type":"ImageObject","inLanguage":"en-US","@id":"https:\/\/villaeva.pl\/en\/privacy-policy\/#primaryimage","url":"https:\/\/villaeva.pl\/wp-content\/uploads\/2021\/02\/hero.jpg","contentUrl":"https:\/\/villaeva.pl\/wp-content\/uploads\/2021\/02\/hero.jpg","width":1920,"height":1079},{"@type":"BreadcrumbList","@id":"https:\/\/villaeva.pl\/en\/privacy-policy\/#breadcrumb","itemListElement":[{"@type":"ListItem","position":1,"name":"Strona g\u0142\u00f3wna","item":"https:\/\/villaeva.pl\/en\/"},{"@type":"ListItem","position":2,"name":"Privacy policy"}]},{"@type":"WebSite","@id":"https:\/\/villaeva.pl\/#website","url":"https:\/\/villaeva.pl\/","name":"Villa Eva","description":"Villa i Restauracja","potentialAction":[{"@type":"SearchAction","target":{"@type":"EntryPoint","urlTemplate":"https:\/\/villaeva.pl\/?s={search_term_string}"},"query-input":"required name=search_term_string"}],"inLanguage":"en-US"}]}},"_links":{"self":[{"href":"https:\/\/villaeva.pl\/en\/wp-json\/wp\/v2\/pages\/1084"}],"collection":[{"href":"https:\/\/villaeva.pl\/en\/wp-json\/wp\/v2\/pages"}],"about":[{"href":"https:\/\/villaeva.pl\/en\/wp-json\/wp\/v2\/types\/page"}],"author":[{"embeddable":true,"href":"https:\/\/villaeva.pl\/en\/wp-json\/wp\/v2\/users\/3"}],"replies":[{"embeddable":true,"href":"https:\/\/villaeva.pl\/en\/wp-json\/wp\/v2\/comments?post=1084"}],"version-history":[{"count":3,"href":"https:\/\/villaeva.pl\/en\/wp-json\/wp\/v2\/pages\/1084\/revisions"}],"predecessor-version":[{"id":1087,"href":"https:\/\/villaeva.pl\/en\/wp-json\/wp\/v2\/pages\/1084\/revisions\/1087"}],"wp:featuredmedia":[{"embeddable":true,"href":"https:\/\/villaeva.pl\/en\/wp-json\/wp\/v2\/media\/119"}],"wp:attachment":[{"href":"https:\/\/villaeva.pl\/en\/wp-json\/wp\/v2\/media?parent=1084"}],"curies":[{"name":"wp","href":"https:\/\/api.w.org\/{rel}","templated":true}]}}